{"id":1372,"date":"2024-07-23T08:39:32","date_gmt":"2024-07-23T08:39:32","guid":{"rendered":"https:\/\/mgseng.it\/area-de-descargas\/"},"modified":"2025-09-18T16:29:31","modified_gmt":"2025-09-18T16:29:31","slug":"area-de-descargas","status":"publish","type":"page","link":"https:\/\/mgseng.it\/es\/area-de-descargas\/","title":{"rendered":"\u00c1rea de descargas"},"content":{"rendered":"\t\t<div data-elementor-type=\"wp-page\" data-elementor-id=\"1372\" class=\"elementor elementor-1372 elementor-665\">\n\t\t\t\t\t\t<section class=\"elementor-section elementor-top-section elementor-element elementor-element-735f9daf elementor-section-boxed elementor-section-height-default elementor-section-height-default\" data-id=\"735f9daf\" data-element_type=\"section\" data-e-type=\"section\" data-settings=\"{&quot;background_background&quot;:&quot;classic&quot;}\">\n\t\t\t\t\t\t\t<div class=\"elementor-background-overlay\"><\/div>\n\t\t\t\t\t\t\t<div class=\"elementor-container elementor-column-gap-default\">\n\t\t\t\t\t<div class=\"elementor-column elementor-col-100 elementor-top-column elementor-element elementor-element-46eeaef7\" data-id=\"46eeaef7\" data-element_type=\"column\" data-e-type=\"column\">\n\t\t\t<div class=\"elementor-widget-wrap elementor-element-populated\">\n\t\t\t\t\t\t<div class=\"elementor-element elementor-element-171ffe4f elementor-widget__width-auto elementor-invisible elementor-widget elementor-widget-heading\" data-id=\"171ffe4f\" data-element_type=\"widget\" data-e-type=\"widget\" data-settings=\"{&quot;_animation&quot;:&quot;fadeInLeft&quot;}\" data-widget_type=\"heading.default\">\n\t\t\t\t<div class=\"elementor-widget-container\">\n\t\t\t\t\t<h1 class=\"elementor-heading-title elementor-size-default\">Descargas<\/h1>\t\t\t\t<\/div>\n\t\t\t\t<\/div>\n\t\t\t\t<section class=\"elementor-section elementor-inner-section elementor-element elementor-element-7a2687fe elementor-section-boxed elementor-section-height-default elementor-section-height-default\" data-id=\"7a2687fe\" data-element_type=\"section\" data-e-type=\"section\">\n\t\t\t\t\t\t<div class=\"elementor-container elementor-column-gap-no\">\n\t\t\t\t\t<div class=\"elementor-column elementor-col-100 elementor-inner-column elementor-element elementor-element-1ceb6e95 elementor-invisible\" data-id=\"1ceb6e95\" data-element_type=\"column\" data-e-type=\"column\" data-settings=\"{&quot;animation&quot;:&quot;fadeInDown&quot;}\">\n\t\t\t<div class=\"elementor-widget-wrap elementor-element-populated\">\n\t\t\t\t\t\t<div class=\"elementor-element elementor-element-59857545 elementor-invisible elementor-widget elementor-widget-text-editor\" data-id=\"59857545\" data-element_type=\"widget\" data-e-type=\"widget\" data-settings=\"{&quot;_animation&quot;:&quot;fadeIn&quot;,&quot;_animation_delay&quot;:1080}\" data-widget_type=\"text-editor.default\">\n\t\t\t\t<div class=\"elementor-widget-container\">\n\t\t\t\t\t\t\t\t\t<p class=\"p1\">Materiales y documentaci\u00f3n<\/p>\n\t\t\t\t\t\t\t\t<\/div>\n\t\t\t\t<\/div>\n\t\t\t\t\t<\/div>\n\t\t<\/div>\n\t\t\t\t\t<\/div>\n\t\t<\/section>\n\t\t\t\t\t<\/div>\n\t\t<\/div>\n\t\t\t\t\t<\/div>\n\t\t<\/section>\n\t\t\t\t<section class=\"elementor-section elementor-top-section elementor-element elementor-element-f659ecf elementor-section-boxed elementor-section-height-default elementor-section-height-default\" data-id=\"f659ecf\" data-element_type=\"section\" data-e-type=\"section\">\n\t\t\t\t\t\t<div class=\"elementor-container elementor-column-gap-default\">\n\t\t\t\t\t<div class=\"elementor-column elementor-col-100 elementor-top-column elementor-element elementor-element-4444055\" data-id=\"4444055\" data-element_type=\"column\" data-e-type=\"column\">\n\t\t\t<div class=\"elementor-widget-wrap elementor-element-populated\">\n\t\t\t\t\t\t<section class=\"elementor-section elementor-inner-section elementor-element elementor-element-d40122c elementor-section-boxed elementor-section-height-default elementor-section-height-default\" data-id=\"d40122c\" data-element_type=\"section\" data-e-type=\"section\">\n\t\t\t\t\t\t<div class=\"elementor-container elementor-column-gap-default\">\n\t\t\t\t\t<div class=\"elementor-column elementor-col-100 elementor-inner-column elementor-element elementor-element-cf0dc8b\" data-id=\"cf0dc8b\" data-element_type=\"column\" data-e-type=\"column\" data-settings=\"{&quot;animation&quot;:&quot;none&quot;}\">\n\t\t\t<div class=\"elementor-widget-wrap elementor-element-populated\">\n\t\t\t\t\t\t<div class=\"elementor-element elementor-element-3607da5 elementor-invisible elementor-widget elementor-widget-heading\" data-id=\"3607da5\" data-element_type=\"widget\" data-e-type=\"widget\" data-settings=\"{&quot;_animation&quot;:&quot;fadeInUp&quot;}\" data-widget_type=\"heading.default\">\n\t\t\t\t<div class=\"elementor-widget-container\">\n\t\t\t\t\t<h2 class=\"elementor-heading-title elementor-size-default\">\u00c1rea de descargas<\/h2>\t\t\t\t<\/div>\n\t\t\t\t<\/div>\n\t\t\t\t<div class=\"elementor-element elementor-element-8964f40 elementor-widget elementor-widget-text-editor\" data-id=\"8964f40\" data-element_type=\"widget\" data-e-type=\"widget\" data-widget_type=\"text-editor.default\">\n\t\t\t\t<div class=\"elementor-widget-container\">\n\t\t\t\t\t\t\t\t\t<p class=\"p1\">Una secci\u00f3n espec\u00edfica donde puedes encontrar y descargar documentos, archivos y material \u00fatil para las actividades de nuestros clientes<\/p>\n\t\t\t\t\t\t\t\t<\/div>\n\t\t\t\t<\/div>\n\t\t\t\t\t<\/div>\n\t\t<\/div>\n\t\t\t\t\t<\/div>\n\t\t<\/section>\n\t\t\t\t<section class=\"elementor-section elementor-inner-section elementor-element elementor-element-d38b13c elementor-section-boxed elementor-section-height-default elementor-section-height-default\" data-id=\"d38b13c\" data-element_type=\"section\" data-e-type=\"section\">\n\t\t\t\t\t\t<div class=\"elementor-container elementor-column-gap-default\">\n\t\t\t\t\t<div class=\"elementor-column elementor-col-25 elementor-inner-column elementor-element elementor-element-e2eaa1f elementor-invisible\" data-id=\"e2eaa1f\" data-element_type=\"column\" data-e-type=\"column\" data-settings=\"{&quot;animation&quot;:&quot;fadeInUp&quot;}\">\n\t\t\t<div class=\"elementor-widget-wrap\">\n\t\t\t\t\t\t\t<\/div>\n\t\t<\/div>\n\t\t\t\t<div class=\"elementor-column elementor-col-25 elementor-inner-column elementor-element elementor-element-31d75cd elementor-invisible\" data-id=\"31d75cd\" data-element_type=\"column\" data-e-type=\"column\" data-settings=\"{&quot;animation&quot;:&quot;fadeInUp&quot;}\">\n\t\t\t<div class=\"elementor-widget-wrap elementor-element-populated\">\n\t\t\t\t\t\t<div class=\"elementor-element elementor-element-ccfc245 ekit-equal-height-disable elementor-widget elementor-widget-elementskit-icon-box\" data-id=\"ccfc245\" data-element_type=\"widget\" data-e-type=\"widget\" data-widget_type=\"elementskit-icon-box.default\">\n\t\t\t\t<div class=\"elementor-widget-container\">\n\t\t\t\t\t<div class=\"ekit-wid-con\" >        <!-- link opening -->\n                <!-- end link opening -->\n\n        <div class=\"elementskit-infobox text-center text- icon-lef-right-aligin elementor-animation-   \">\n                            <div class=\"elementskit-box-header\">\n                <div class=\"elementskit-info-box-icon text-center\">\n                    <img fetchpriority=\"high\" decoding=\"async\" width=\"1842\" height=\"1240\" src=\"https:\/\/mgseng.it\/wp-content\/uploads\/2024\/11\/manutenzione-predittiva-MGS.jpg\" class=\"attachment- size-\" alt=\"Attivit\u00e0 di manutenzione predittiva MGS Engineering Srl - Pavia di Udine (UD) - ITALY\" srcset=\"https:\/\/mgseng.it\/wp-content\/uploads\/2024\/11\/manutenzione-predittiva-MGS.jpg 1842w, https:\/\/mgseng.it\/wp-content\/uploads\/2024\/11\/manutenzione-predittiva-MGS-300x202.jpg 300w, https:\/\/mgseng.it\/wp-content\/uploads\/2024\/11\/manutenzione-predittiva-MGS-1024x689.jpg 1024w, https:\/\/mgseng.it\/wp-content\/uploads\/2024\/11\/manutenzione-predittiva-MGS-768x517.jpg 768w, https:\/\/mgseng.it\/wp-content\/uploads\/2024\/11\/manutenzione-predittiva-MGS-1536x1034.jpg 1536w\" sizes=\"(max-width: 1842px) 100vw, 1842px\" \/>                <\/div>\n          <\/div>\n                <div class=\"box-body\">\n                            <div class=\"elementskit-info-box-title\">\n                    Mantenimiento Predictivo                <\/div>\n                                                    <div class=\"box-footer disable_hover_button\">\n                    <div class=\"btn-wraper\">\n                                                            <a class=\"elementskit-btn whitespace--normal\" href=\"https:\/\/mgseng.it\/wp-content\/uploads\/2024\/11\/Manutenzione-Predittiva-MGS.pdf\" target=\"_blank\">\n                                                                                Descarga el PDF                                    <\/a>\n                                                        <\/div>\n                <\/div>\n                    <\/div>\n        \n        \n                <\/div>\n        <\/div>\t\t\t\t<\/div>\n\t\t\t\t<\/div>\n\t\t\t\t\t<\/div>\n\t\t<\/div>\n\t\t\t\t<div class=\"elementor-column elementor-col-25 elementor-inner-column elementor-element elementor-element-8bc62a6 elementor-invisible\" data-id=\"8bc62a6\" data-element_type=\"column\" data-e-type=\"column\" data-settings=\"{&quot;animation&quot;:&quot;fadeInUp&quot;}\">\n\t\t\t<div class=\"elementor-widget-wrap elementor-element-populated\">\n\t\t\t\t\t\t<div class=\"elementor-element elementor-element-9d4043e ekit-equal-height-disable elementor-widget elementor-widget-elementskit-icon-box\" data-id=\"9d4043e\" data-element_type=\"widget\" data-e-type=\"widget\" data-widget_type=\"elementskit-icon-box.default\">\n\t\t\t\t<div class=\"elementor-widget-container\">\n\t\t\t\t\t<div class=\"ekit-wid-con\" >        <!-- link opening -->\n                <!-- end link opening -->\n\n        <div class=\"elementskit-infobox text-center text- icon-lef-right-aligin elementor-animation-   \">\n                            <div class=\"elementskit-box-header\">\n                <div class=\"elementskit-info-box-icon text-center\">\n                    <img decoding=\"async\" width=\"1842\" height=\"1240\" src=\"https:\/\/mgseng.it\/wp-content\/uploads\/2024\/11\/presentazione-MGS.jpg\" class=\"attachment- size-\" alt=\"Presentazione aziendale - MGS Engineering Srl - Pavia di Udine (UD) - ITALY\" srcset=\"https:\/\/mgseng.it\/wp-content\/uploads\/2024\/11\/presentazione-MGS.jpg 1842w, https:\/\/mgseng.it\/wp-content\/uploads\/2024\/11\/presentazione-MGS-300x202.jpg 300w, https:\/\/mgseng.it\/wp-content\/uploads\/2024\/11\/presentazione-MGS-1024x689.jpg 1024w, https:\/\/mgseng.it\/wp-content\/uploads\/2024\/11\/presentazione-MGS-768x517.jpg 768w, https:\/\/mgseng.it\/wp-content\/uploads\/2024\/11\/presentazione-MGS-1536x1034.jpg 1536w\" sizes=\"(max-width: 1842px) 100vw, 1842px\" \/>                <\/div>\n          <\/div>\n                <div class=\"box-body\">\n                            <div class=\"elementskit-info-box-title\">\n                    Presentaci\u00f3n MGS                <\/div>\n                                                    <div class=\"box-footer disable_hover_button\">\n                    <div class=\"btn-wraper\">\n                                                            <a class=\"elementskit-btn whitespace--normal\" href=\"https:\/\/mgseng.it\/wp-content\/uploads\/2024\/11\/Presentazione-MGS-ITA-Rev.00.pdf\" target=\"_blank\">\n                                                                                Descarga el PDF                                    <\/a>\n                                                        <\/div>\n                <\/div>\n                    <\/div>\n        \n        \n                <\/div>\n        <\/div>\t\t\t\t<\/div>\n\t\t\t\t<\/div>\n\t\t\t\t\t<\/div>\n\t\t<\/div>\n\t\t\t\t<div class=\"elementor-column elementor-col-25 elementor-inner-column elementor-element elementor-element-a71ace2 elementor-invisible\" data-id=\"a71ace2\" data-element_type=\"column\" data-e-type=\"column\" data-settings=\"{&quot;animation&quot;:&quot;fadeInUp&quot;}\">\n\t\t\t<div class=\"elementor-widget-wrap\">\n\t\t\t\t\t\t\t<\/div>\n\t\t<\/div>\n\t\t\t\t\t<\/div>\n\t\t<\/section>\n\t\t\t\t\t<\/div>\n\t\t<\/div>\n\t\t\t\t\t<\/div>\n\t\t<\/section>\n\t\t\t\t<\/div>\n\t\t","protected":false},"excerpt":{"rendered":"<p>Descargas Materiales y documentaci\u00f3n \u00c1rea de descargas Una secci\u00f3n espec\u00edfica donde puedes encontrar y descargar documentos, archivos y material \u00fatil para las actividades de nuestros clientes Mantenimiento Predictivo Descarga el PDF Presentaci\u00f3n MGS Descarga el PDF<\/p>\n","protected":false},"author":1,"featured_media":0,"parent":0,"menu_order":0,"comment_status":"closed","ping_status":"closed","template":"elementor_header_footer","meta":{"footnotes":""},"class_list":["post-1372","page","type-page","status-publish","hentry"],"yoast_head":"<!-- This site is optimized with the Yoast SEO plugin v27.6 - https:\/\/yoast.com\/product\/yoast-seo-wordpress\/ -->\n<title>Documentaci\u00f3n t\u00e9cnica e informaci\u00f3n - MGS Engineering<\/title>\n<meta name=\"description\" content=\"Descarga manuales, fichas t\u00e9cnicas y otra documentaci\u00f3n \u00fatil sobre nuestros servicios y productos\" \/>\n<meta name=\"robots\" content=\"index, follow, max-snippet:-1, max-image-preview:large, max-video-preview:-1\" \/>\n<link rel=\"canonical\" href=\"https:\/\/mgseng.it\/es\/area-de-descargas\/\" \/>\n<meta property=\"og:locale\" content=\"es_ES\" \/>\n<meta property=\"og:type\" content=\"article\" \/>\n<meta property=\"og:title\" content=\"Documentaci\u00f3n t\u00e9cnica e informaci\u00f3n - MGS Engineering\" \/>\n<meta property=\"og:description\" content=\"Descarga manuales, fichas t\u00e9cnicas y otra documentaci\u00f3n \u00fatil sobre nuestros servicios y productos\" \/>\n<meta property=\"og:url\" content=\"https:\/\/mgseng.it\/es\/area-de-descargas\/\" \/>\n<meta property=\"og:site_name\" content=\"MGS Engineering - Revisione e Vendita Motori Elettrici Industriali\" \/>\n<meta property=\"article:modified_time\" content=\"2025-09-18T16:29:31+00:00\" \/>\n<meta property=\"og:image\" content=\"https:\/\/mgseng.it\/wp-content\/uploads\/2024\/11\/manutenzione-predittiva-MGS.jpg\" \/>\n<meta name=\"twitter:card\" content=\"summary_large_image\" \/>\n<meta name=\"twitter:label1\" content=\"Tiempo de lectura\" \/>\n\t<meta name=\"twitter:data1\" content=\"1 minuto\" \/>\n<script type=\"application\/ld+json\" class=\"yoast-schema-graph\">{\"@context\":\"https:\\\/\\\/schema.org\",\"@graph\":[{\"@type\":\"WebPage\",\"@id\":\"https:\\\/\\\/mgseng.it\\\/es\\\/area-de-descargas\\\/\",\"url\":\"https:\\\/\\\/mgseng.it\\\/es\\\/area-de-descargas\\\/\",\"name\":\"Documentaci\u00f3n t\u00e9cnica e informaci\u00f3n - MGS Engineering\",\"isPartOf\":{\"@id\":\"https:\\\/\\\/mgseng.it\\\/es\\\/#website\"},\"primaryImageOfPage\":{\"@id\":\"https:\\\/\\\/mgseng.it\\\/es\\\/area-de-descargas\\\/#primaryimage\"},\"image\":{\"@id\":\"https:\\\/\\\/mgseng.it\\\/es\\\/area-de-descargas\\\/#primaryimage\"},\"thumbnailUrl\":\"https:\\\/\\\/mgseng.it\\\/wp-content\\\/uploads\\\/2024\\\/11\\\/manutenzione-predittiva-MGS.jpg\",\"datePublished\":\"2024-07-23T08:39:32+00:00\",\"dateModified\":\"2025-09-18T16:29:31+00:00\",\"description\":\"Descarga manuales, fichas t\u00e9cnicas y otra documentaci\u00f3n \u00fatil sobre nuestros servicios y productos\",\"breadcrumb\":{\"@id\":\"https:\\\/\\\/mgseng.it\\\/es\\\/area-de-descargas\\\/#breadcrumb\"},\"inLanguage\":\"es\",\"potentialAction\":[{\"@type\":\"ReadAction\",\"target\":[\"https:\\\/\\\/mgseng.it\\\/es\\\/area-de-descargas\\\/\"]}]},{\"@type\":\"ImageObject\",\"inLanguage\":\"es\",\"@id\":\"https:\\\/\\\/mgseng.it\\\/es\\\/area-de-descargas\\\/#primaryimage\",\"url\":\"https:\\\/\\\/mgseng.it\\\/wp-content\\\/uploads\\\/2024\\\/11\\\/manutenzione-predittiva-MGS.jpg\",\"contentUrl\":\"https:\\\/\\\/mgseng.it\\\/wp-content\\\/uploads\\\/2024\\\/11\\\/manutenzione-predittiva-MGS.jpg\"},{\"@type\":\"BreadcrumbList\",\"@id\":\"https:\\\/\\\/mgseng.it\\\/es\\\/area-de-descargas\\\/#breadcrumb\",\"itemListElement\":[{\"@type\":\"ListItem\",\"position\":1,\"name\":\"Home\",\"item\":\"https:\\\/\\\/mgseng.it\\\/es\\\/\"},{\"@type\":\"ListItem\",\"position\":2,\"name\":\"\u00c1rea de descargas\"}]},{\"@type\":\"WebSite\",\"@id\":\"https:\\\/\\\/mgseng.it\\\/es\\\/#website\",\"url\":\"https:\\\/\\\/mgseng.it\\\/es\\\/\",\"name\":\"MGS - Motor Generator Service Engineering\",\"description\":\"MGS Engineering, leader nella revisione, riparazione e vendita di motori elettrici per diversi settori industriali\",\"publisher\":{\"@id\":\"https:\\\/\\\/mgseng.it\\\/es\\\/#organization\"},\"potentialAction\":[{\"@type\":\"SearchAction\",\"target\":{\"@type\":\"EntryPoint\",\"urlTemplate\":\"https:\\\/\\\/mgseng.it\\\/es\\\/?s={search_term_string}\"},\"query-input\":{\"@type\":\"PropertyValueSpecification\",\"valueRequired\":true,\"valueName\":\"search_term_string\"}}],\"inLanguage\":\"es\"},{\"@type\":\"Organization\",\"@id\":\"https:\\\/\\\/mgseng.it\\\/es\\\/#organization\",\"name\":\"Vendita, riparazione e revisione motori elettrici industriali\",\"url\":\"https:\\\/\\\/mgseng.it\\\/es\\\/\",\"logo\":{\"@type\":\"ImageObject\",\"inLanguage\":\"es\",\"@id\":\"https:\\\/\\\/mgseng.it\\\/es\\\/#\\\/schema\\\/logo\\\/image\\\/\",\"url\":\"https:\\\/\\\/mgseng.it\\\/wp-content\\\/uploads\\\/2024\\\/06\\\/MGS-logo.png\",\"contentUrl\":\"https:\\\/\\\/mgseng.it\\\/wp-content\\\/uploads\\\/2024\\\/06\\\/MGS-logo.png\",\"width\":479,\"height\":479,\"caption\":\"Vendita, riparazione e revisione motori elettrici industriali\"},\"image\":{\"@id\":\"https:\\\/\\\/mgseng.it\\\/es\\\/#\\\/schema\\\/logo\\\/image\\\/\"}}]}<\/script>\n<!-- \/ Yoast SEO plugin. -->","yoast_head_json":{"title":"Documentaci\u00f3n t\u00e9cnica e informaci\u00f3n - MGS Engineering","description":"Descarga manuales, fichas t\u00e9cnicas y otra documentaci\u00f3n \u00fatil sobre nuestros servicios y productos","robots":{"index":"index","follow":"follow","max-snippet":"max-snippet:-1","max-image-preview":"max-image-preview:large","max-video-preview":"max-video-preview:-1"},"canonical":"https:\/\/mgseng.it\/es\/area-de-descargas\/","og_locale":"es_ES","og_type":"article","og_title":"Documentaci\u00f3n t\u00e9cnica e informaci\u00f3n - MGS Engineering","og_description":"Descarga manuales, fichas t\u00e9cnicas y otra documentaci\u00f3n \u00fatil sobre nuestros servicios y productos","og_url":"https:\/\/mgseng.it\/es\/area-de-descargas\/","og_site_name":"MGS Engineering - Revisione e Vendita Motori Elettrici Industriali","article_modified_time":"2025-09-18T16:29:31+00:00","og_image":[{"url":"https:\/\/mgseng.it\/wp-content\/uploads\/2024\/11\/manutenzione-predittiva-MGS.jpg","type":"","width":"","height":""}],"twitter_card":"summary_large_image","twitter_misc":{"Tiempo de lectura":"1 minuto"},"schema":{"@context":"https:\/\/schema.org","@graph":[{"@type":"WebPage","@id":"https:\/\/mgseng.it\/es\/area-de-descargas\/","url":"https:\/\/mgseng.it\/es\/area-de-descargas\/","name":"Documentaci\u00f3n t\u00e9cnica e informaci\u00f3n - MGS Engineering","isPartOf":{"@id":"https:\/\/mgseng.it\/es\/#website"},"primaryImageOfPage":{"@id":"https:\/\/mgseng.it\/es\/area-de-descargas\/#primaryimage"},"image":{"@id":"https:\/\/mgseng.it\/es\/area-de-descargas\/#primaryimage"},"thumbnailUrl":"https:\/\/mgseng.it\/wp-content\/uploads\/2024\/11\/manutenzione-predittiva-MGS.jpg","datePublished":"2024-07-23T08:39:32+00:00","dateModified":"2025-09-18T16:29:31+00:00","description":"Descarga manuales, fichas t\u00e9cnicas y otra documentaci\u00f3n \u00fatil sobre nuestros servicios y productos","breadcrumb":{"@id":"https:\/\/mgseng.it\/es\/area-de-descargas\/#breadcrumb"},"inLanguage":"es","potentialAction":[{"@type":"ReadAction","target":["https:\/\/mgseng.it\/es\/area-de-descargas\/"]}]},{"@type":"ImageObject","inLanguage":"es","@id":"https:\/\/mgseng.it\/es\/area-de-descargas\/#primaryimage","url":"https:\/\/mgseng.it\/wp-content\/uploads\/2024\/11\/manutenzione-predittiva-MGS.jpg","contentUrl":"https:\/\/mgseng.it\/wp-content\/uploads\/2024\/11\/manutenzione-predittiva-MGS.jpg"},{"@type":"BreadcrumbList","@id":"https:\/\/mgseng.it\/es\/area-de-descargas\/#breadcrumb","itemListElement":[{"@type":"ListItem","position":1,"name":"Home","item":"https:\/\/mgseng.it\/es\/"},{"@type":"ListItem","position":2,"name":"\u00c1rea de descargas"}]},{"@type":"WebSite","@id":"https:\/\/mgseng.it\/es\/#website","url":"https:\/\/mgseng.it\/es\/","name":"MGS - Motor Generator Service Engineering","description":"MGS Engineering, leader nella revisione, riparazione e vendita di motori elettrici per diversi settori industriali","publisher":{"@id":"https:\/\/mgseng.it\/es\/#organization"},"potentialAction":[{"@type":"SearchAction","target":{"@type":"EntryPoint","urlTemplate":"https:\/\/mgseng.it\/es\/?s={search_term_string}"},"query-input":{"@type":"PropertyValueSpecification","valueRequired":true,"valueName":"search_term_string"}}],"inLanguage":"es"},{"@type":"Organization","@id":"https:\/\/mgseng.it\/es\/#organization","name":"Vendita, riparazione e revisione motori elettrici industriali","url":"https:\/\/mgseng.it\/es\/","logo":{"@type":"ImageObject","inLanguage":"es","@id":"https:\/\/mgseng.it\/es\/#\/schema\/logo\/image\/","url":"https:\/\/mgseng.it\/wp-content\/uploads\/2024\/06\/MGS-logo.png","contentUrl":"https:\/\/mgseng.it\/wp-content\/uploads\/2024\/06\/MGS-logo.png","width":479,"height":479,"caption":"Vendita, riparazione e revisione motori elettrici industriali"},"image":{"@id":"https:\/\/mgseng.it\/es\/#\/schema\/logo\/image\/"}}]}},"_links":{"self":[{"href":"https:\/\/mgseng.it\/es\/wp-json\/wp\/v2\/pages\/1372","targetHints":{"allow":["GET"]}}],"collection":[{"href":"https:\/\/mgseng.it\/es\/wp-json\/wp\/v2\/pages"}],"about":[{"href":"https:\/\/mgseng.it\/es\/wp-json\/wp\/v2\/types\/page"}],"author":[{"embeddable":true,"href":"https:\/\/mgseng.it\/es\/wp-json\/wp\/v2\/users\/1"}],"replies":[{"embeddable":true,"href":"https:\/\/mgseng.it\/es\/wp-json\/wp\/v2\/comments?post=1372"}],"version-history":[{"count":0,"href":"https:\/\/mgseng.it\/es\/wp-json\/wp\/v2\/pages\/1372\/revisions"}],"wp:attachment":[{"href":"https:\/\/mgseng.it\/es\/wp-json\/wp\/v2\/media?parent=1372"}],"curies":[{"name":"wp","href":"https:\/\/api.w.org\/{rel}","templated":true}]}}