{"id":1264,"date":"2024-07-23T08:36:56","date_gmt":"2024-07-23T08:36:56","guid":{"rendered":"https:\/\/mgseng.it\/servicios\/venta-de-motores\/"},"modified":"2025-09-18T16:30:28","modified_gmt":"2025-09-18T16:30:28","slug":"venta-de-motores","status":"publish","type":"page","link":"https:\/\/mgseng.it\/es\/servicios\/venta-de-motores\/","title":{"rendered":"Venta de Motores"},"content":{"rendered":"\t\t<div data-elementor-type=\"wp-page\" data-elementor-id=\"1264\" class=\"elementor elementor-1264 elementor-658\">\n\t\t\t\t\t\t<section class=\"elementor-section elementor-top-section elementor-element elementor-element-32094084 elementor-section-boxed elementor-section-height-default elementor-section-height-default\" data-id=\"32094084\" data-element_type=\"section\" data-e-type=\"section\" data-settings=\"{&quot;background_background&quot;:&quot;classic&quot;}\">\n\t\t\t\t\t\t\t<div class=\"elementor-background-overlay\"><\/div>\n\t\t\t\t\t\t\t<div class=\"elementor-container elementor-column-gap-default\">\n\t\t\t\t\t<div class=\"elementor-column elementor-col-100 elementor-top-column elementor-element elementor-element-413a47a7\" data-id=\"413a47a7\" data-element_type=\"column\" data-e-type=\"column\">\n\t\t\t<div class=\"elementor-widget-wrap elementor-element-populated\">\n\t\t\t\t\t\t<div class=\"elementor-element elementor-element-3ffb4621 elementor-invisible elementor-widget elementor-widget-heading\" data-id=\"3ffb4621\" data-element_type=\"widget\" data-e-type=\"widget\" data-settings=\"{&quot;_animation&quot;:&quot;fadeInUp&quot;,&quot;_animation_delay&quot;:240}\" data-widget_type=\"heading.default\">\n\t\t\t\t<div class=\"elementor-widget-container\">\n\t\t\t\t\t<h1 class=\"elementor-heading-title elementor-size-default\">Venta de motores<\/h1>\t\t\t\t<\/div>\n\t\t\t\t<\/div>\n\t\t\t\t<section class=\"elementor-section elementor-inner-section elementor-element elementor-element-7762f58 elementor-section-boxed elementor-section-height-default elementor-section-height-default\" data-id=\"7762f58\" data-element_type=\"section\" data-e-type=\"section\">\n\t\t\t\t\t\t<div class=\"elementor-container elementor-column-gap-no\">\n\t\t\t\t\t<div class=\"elementor-column elementor-col-100 elementor-inner-column elementor-element elementor-element-50b73df elementor-invisible\" data-id=\"50b73df\" data-element_type=\"column\" data-e-type=\"column\" data-settings=\"{&quot;animation&quot;:&quot;fadeInDown&quot;}\">\n\t\t\t<div class=\"elementor-widget-wrap elementor-element-populated\">\n\t\t\t\t\t\t<div class=\"elementor-element elementor-element-6f9bdc9 elementor-invisible elementor-widget elementor-widget-text-editor\" data-id=\"6f9bdc9\" data-element_type=\"widget\" data-e-type=\"widget\" data-settings=\"{&quot;_animation&quot;:&quot;fadeIn&quot;,&quot;_animation_delay&quot;:1080}\" data-widget_type=\"text-editor.default\">\n\t\t\t\t<div class=\"elementor-widget-container\">\n\t\t\t\t\t\t\t\t\t<p>Dise\u00f1o de motores y generadores, suministro de motores el\u00e9ctricos nuevos, usados, revisados y garantizados<\/p>\n\t\t\t\t\t\t\t\t<\/div>\n\t\t\t\t<\/div>\n\t\t\t\t\t<\/div>\n\t\t<\/div>\n\t\t\t\t\t<\/div>\n\t\t<\/section>\n\t\t\t\t\t<\/div>\n\t\t<\/div>\n\t\t\t\t\t<\/div>\n\t\t<\/section>\n\t\t\t\t<section class=\"elementor-section elementor-top-section elementor-element elementor-element-1301b4b1 elementor-section-boxed elementor-section-height-default elementor-section-height-default\" data-id=\"1301b4b1\" data-element_type=\"section\" data-e-type=\"section\">\n\t\t\t\t\t\t<div class=\"elementor-container elementor-column-gap-default\">\n\t\t\t\t\t<div class=\"elementor-column elementor-col-66 elementor-top-column elementor-element elementor-element-308631d4\" data-id=\"308631d4\" data-element_type=\"column\" data-e-type=\"column\">\n\t\t\t<div class=\"elementor-widget-wrap elementor-element-populated\">\n\t\t\t\t\t\t<div class=\"elementor-element elementor-element-1d73fd4 elementor-widget elementor-widget-heading\" data-id=\"1d73fd4\" data-element_type=\"widget\" data-e-type=\"widget\" data-widget_type=\"heading.default\">\n\t\t\t\t<div class=\"elementor-widget-container\">\n\t\t\t\t\t<h2 class=\"elementor-heading-title elementor-size-default\">Venta de motores<\/h2>\t\t\t\t<\/div>\n\t\t\t\t<\/div>\n\t\t\t\t<div class=\"elementor-element elementor-element-5bdf6089 elementor-widget elementor-widget-text-editor\" data-id=\"5bdf6089\" data-element_type=\"widget\" data-e-type=\"widget\" data-widget_type=\"text-editor.default\">\n\t\t\t\t<div class=\"elementor-widget-container\">\n\t\t\t\t\t\t\t\t\t<p class=\"p1\">Dise\u00f1amos motores, generadores, m\u00e1quinas el\u00e9ctricas rotativas as\u00edncronas, s\u00edncronas, s\u00edncronas con imanes permanentes y de corriente continua, utilizando un software desarrollado internamente.<span class=\"Apple-converted-space\"> <\/span><\/p>\n<p class=\"p1\">Basado en algoritmos anal\u00edticos y elementos terminados, puede analizar modelos mec\u00e1nicos, el\u00e9ctricos y magn\u00e9ticos en condiciones estacionarias y din\u00e1micas y es especialmente adecuado para generadores y motores que utilizan la tecnolog\u00eda con imanes permanentes.<\/p>\n<p class=\"p2\">Gracias a nuestra experiencia en el dise\u00f1o, tambi\u00e9n intervenimos en m\u00e1quinas existentes y ya instaladas aplicando un estudio que utiliza una ingenier\u00eda inversa con el que identificamos las criticidades y realizamos reparaciones que, en muchos casos, solucionan el problema indicado.<\/p>\n<p class=\"p1\">Adem\u00e1s de las m\u00e1quinas de nueva construcci\u00f3n, disponemos de un gran almac\u00e9n para el suministro de motores el\u00e9ctricos usados, revisados y garantizados.<\/p>\n\t\t\t\t\t\t\t\t<\/div>\n\t\t\t\t<\/div>\n\t\t\t\t<section class=\"elementor-section elementor-inner-section elementor-element elementor-element-764e669 elementor-section-boxed elementor-section-height-default elementor-section-height-default\" data-id=\"764e669\" data-element_type=\"section\" data-e-type=\"section\">\n\t\t\t\t\t\t<div class=\"elementor-container elementor-column-gap-no\">\n\t\t\t\t\t<div class=\"elementor-column elementor-col-50 elementor-inner-column elementor-element elementor-element-79b8b49\" data-id=\"79b8b49\" data-element_type=\"column\" data-e-type=\"column\">\n\t\t\t<div class=\"elementor-widget-wrap elementor-element-populated\">\n\t\t\t\t\t\t<div class=\"elementor-element elementor-element-eff595c elementor-widget elementor-widget-image\" data-id=\"eff595c\" data-element_type=\"widget\" data-e-type=\"widget\" data-widget_type=\"image.default\">\n\t\t\t\t<div class=\"elementor-widget-container\">\n\t\t\t\t\t\t\t\t\t\t\t\t\t\t\t<img fetchpriority=\"high\" decoding=\"async\" width=\"1600\" height=\"1083\" src=\"https:\/\/mgseng.it\/wp-content\/uploads\/2024\/11\/vendita-motori-MGS1.jpg\" class=\"attachment-full size-full wp-image-1185\" alt=\"\" srcset=\"https:\/\/mgseng.it\/wp-content\/uploads\/2024\/11\/vendita-motori-MGS1.jpg 1600w, https:\/\/mgseng.it\/wp-content\/uploads\/2024\/11\/vendita-motori-MGS1-300x203.jpg 300w, https:\/\/mgseng.it\/wp-content\/uploads\/2024\/11\/vendita-motori-MGS1-1024x693.jpg 1024w, https:\/\/mgseng.it\/wp-content\/uploads\/2024\/11\/vendita-motori-MGS1-768x520.jpg 768w, https:\/\/mgseng.it\/wp-content\/uploads\/2024\/11\/vendita-motori-MGS1-1536x1040.jpg 1536w\" sizes=\"(max-width: 1600px) 100vw, 1600px\" \/>\t\t\t\t\t\t\t\t\t\t\t\t\t\t\t<\/div>\n\t\t\t\t<\/div>\n\t\t\t\t\t<\/div>\n\t\t<\/div>\n\t\t\t\t<div class=\"elementor-column elementor-col-50 elementor-inner-column elementor-element elementor-element-61b47be\" data-id=\"61b47be\" data-element_type=\"column\" data-e-type=\"column\">\n\t\t\t<div class=\"elementor-widget-wrap elementor-element-populated\">\n\t\t\t\t\t\t<div class=\"elementor-element elementor-element-95d3323 elementor-widget elementor-widget-image\" data-id=\"95d3323\" data-element_type=\"widget\" data-e-type=\"widget\" data-widget_type=\"image.default\">\n\t\t\t\t<div class=\"elementor-widget-container\">\n\t\t\t\t\t\t\t\t\t\t\t\t\t\t\t<img decoding=\"async\" width=\"1600\" height=\"1600\" src=\"https:\/\/mgseng.it\/wp-content\/uploads\/2024\/11\/azienda-MGS.jpg\" class=\"attachment-full size-full wp-image-1183\" alt=\"\" srcset=\"https:\/\/mgseng.it\/wp-content\/uploads\/2024\/11\/azienda-MGS.jpg 1600w, https:\/\/mgseng.it\/wp-content\/uploads\/2024\/11\/azienda-MGS-300x300.jpg 300w, https:\/\/mgseng.it\/wp-content\/uploads\/2024\/11\/azienda-MGS-1024x1024.jpg 1024w, https:\/\/mgseng.it\/wp-content\/uploads\/2024\/11\/azienda-MGS-150x150.jpg 150w, https:\/\/mgseng.it\/wp-content\/uploads\/2024\/11\/azienda-MGS-768x768.jpg 768w, https:\/\/mgseng.it\/wp-content\/uploads\/2024\/11\/azienda-MGS-1536x1536.jpg 1536w\" sizes=\"(max-width: 1600px) 100vw, 1600px\" \/>\t\t\t\t\t\t\t\t\t\t\t\t\t\t\t<\/div>\n\t\t\t\t<\/div>\n\t\t\t\t\t<\/div>\n\t\t<\/div>\n\t\t\t\t\t<\/div>\n\t\t<\/section>\n\t\t\t\t\t<\/div>\n\t\t<\/div>\n\t\t\t\t<div class=\"elementor-column elementor-col-33 elementor-top-column elementor-element elementor-element-35d28480\" data-id=\"35d28480\" data-element_type=\"column\" data-e-type=\"column\">\n\t\t\t<div class=\"elementor-widget-wrap elementor-element-populated\">\n\t\t\t\t\t\t<section class=\"elementor-section elementor-inner-section elementor-element elementor-element-5918dfb5 elementor-section-boxed elementor-section-height-default elementor-section-height-default elementor-invisible\" data-id=\"5918dfb5\" data-element_type=\"section\" data-e-type=\"section\" data-settings=\"{&quot;animation&quot;:&quot;fadeInUp&quot;}\">\n\t\t\t\t\t\t<div class=\"elementor-container elementor-column-gap-default\">\n\t\t\t\t\t<div class=\"elementor-column elementor-col-100 elementor-inner-column elementor-element elementor-element-3cd34eb5\" data-id=\"3cd34eb5\" data-element_type=\"column\" data-e-type=\"column\" data-settings=\"{&quot;background_background&quot;:&quot;classic&quot;}\">\n\t\t\t<div class=\"elementor-widget-wrap elementor-element-populated\">\n\t\t\t\t\t<div class=\"elementor-background-overlay\"><\/div>\n\t\t\t\t\t\t<div class=\"elementor-element elementor-element-5175d369 elementor-widget elementor-widget-heading\" data-id=\"5175d369\" data-element_type=\"widget\" data-e-type=\"widget\" data-widget_type=\"heading.default\">\n\t\t\t\t<div class=\"elementor-widget-container\">\n\t\t\t\t\t<h2 class=\"elementor-heading-title elementor-size-default\">\u00bfNecesitas ayuda?<\/h2>\t\t\t\t<\/div>\n\t\t\t\t<\/div>\n\t\t\t\t<div class=\"elementor-element elementor-element-60a9477 elementor-widget elementor-widget-text-editor\" data-id=\"60a9477\" data-element_type=\"widget\" data-e-type=\"widget\" data-widget_type=\"text-editor.default\">\n\t\t\t\t<div class=\"elementor-widget-container\">\n\t\t\t\t\t\t\t\t\t<p>No dudes en llamarnos o escribirnos un correo electr\u00f3nico: aqu\u00ed est\u00e1n nuestros datos de contacto.<\/p>\n\t\t\t\t\t\t\t\t<\/div>\n\t\t\t\t<\/div>\n\t\t\t\t<div class=\"elementor-element elementor-element-3db65881 elementor-align-justify elementor-widget elementor-widget-button\" data-id=\"3db65881\" data-element_type=\"widget\" data-e-type=\"widget\" data-widget_type=\"button.default\">\n\t\t\t\t<div class=\"elementor-widget-container\">\n\t\t\t\t\t\t\t\t\t<div class=\"elementor-button-wrapper\">\n\t\t\t\t\t<a class=\"elementor-button elementor-button-link elementor-size-sm\" href=\"tel:%20+%2039%20349%20700%204539\">\n\t\t\t\t\t\t<span class=\"elementor-button-content-wrapper\">\n\t\t\t\t\t\t<span class=\"elementor-button-icon\">\n\t\t\t\t<i aria-hidden=\"true\" class=\"mdi mdi-phone-in-talk\"><\/i>\t\t\t<\/span>\n\t\t\t\t\t\t\t\t\t<span class=\"elementor-button-text\">+ 39 349 700 4539<\/span>\n\t\t\t\t\t<\/span>\n\t\t\t\t\t<\/a>\n\t\t\t\t<\/div>\n\t\t\t\t\t\t\t\t<\/div>\n\t\t\t\t<\/div>\n\t\t\t\t<div class=\"elementor-element elementor-element-2936240 elementor-align-justify elementor-widget elementor-widget-button\" data-id=\"2936240\" data-element_type=\"widget\" data-e-type=\"widget\" data-widget_type=\"button.default\">\n\t\t\t\t<div class=\"elementor-widget-container\">\n\t\t\t\t\t\t\t\t\t<div class=\"elementor-button-wrapper\">\n\t\t\t\t\t<a class=\"elementor-button elementor-button-link elementor-size-sm\" href=\"mailto:%20info@mgseng.it\">\n\t\t\t\t\t\t<span class=\"elementor-button-content-wrapper\">\n\t\t\t\t\t\t<span class=\"elementor-button-icon\">\n\t\t\t\t<i aria-hidden=\"true\" class=\"mdi mdi-phone-in-talk\"><\/i>\t\t\t<\/span>\n\t\t\t\t\t\t\t\t\t<span class=\"elementor-button-text\">info@mgseng.it<\/span>\n\t\t\t\t\t<\/span>\n\t\t\t\t\t<\/a>\n\t\t\t\t<\/div>\n\t\t\t\t\t\t\t\t<\/div>\n\t\t\t\t<\/div>\n\t\t\t\t\t<\/div>\n\t\t<\/div>\n\t\t\t\t\t<\/div>\n\t\t<\/section>\n\t\t\t\t<div class=\"elementor-element elementor-element-7e80bef2 elementor-widget elementor-widget-elementskit-heading\" data-id=\"7e80bef2\" data-element_type=\"widget\" data-e-type=\"widget\" data-widget_type=\"elementskit-heading.default\">\n\t\t\t\t<div class=\"elementor-widget-container\">\n\t\t\t\t\t<div class=\"ekit-wid-con\" ><div class=\"ekit-heading elementskit-section-title-wraper text_left   ekit_heading_tablet-   ekit_heading_mobile-\"><h2 class=\"ekit-heading--title elementskit-section-title \">Otros Servicios<\/h2><\/div><\/div>\t\t\t\t<\/div>\n\t\t\t\t<\/div>\n\t\t\t\t<div class=\"elementor-element elementor-element-3a7a544 elementor-icon-list--layout-traditional elementor-list-item-link-full_width elementor-widget elementor-widget-icon-list\" data-id=\"3a7a544\" data-element_type=\"widget\" data-e-type=\"widget\" data-widget_type=\"icon-list.default\">\n\t\t\t\t<div class=\"elementor-widget-container\">\n\t\t\t\t\t\t\t<ul class=\"elementor-icon-list-items\">\n\t\t\t\t\t\t\t<li class=\"elementor-icon-list-item\">\n\t\t\t\t\t\t\t\t\t\t\t<a href=\"https:\/\/mgseng.it\/es\/servicios\/revision-de-motores\/\">\n\n\t\t\t\t\t\t\t\t\t\t\t\t<span class=\"elementor-icon-list-icon\">\n\t\t\t\t\t\t\t<svg aria-hidden=\"true\" class=\"e-font-icon-svg e-fas-chevron-right\" viewBox=\"0 0 320 512\" xmlns=\"http:\/\/www.w3.org\/2000\/svg\"><path d=\"M285.476 272.971L91.132 467.314c-9.373 9.373-24.569 9.373-33.941 0l-22.667-22.667c-9.357-9.357-9.375-24.522-.04-33.901L188.505 256 34.484 101.255c-9.335-9.379-9.317-24.544.04-33.901l22.667-22.667c9.373-9.373 24.569-9.373 33.941 0L285.475 239.03c9.373 9.372 9.373 24.568.001 33.941z\"><\/path><\/svg>\t\t\t\t\t\t<\/span>\n\t\t\t\t\t\t\t\t\t\t<span class=\"elementor-icon-list-text\">Revisi\u00f3n de Motores<\/span>\n\t\t\t\t\t\t\t\t\t\t\t<\/a>\n\t\t\t\t\t\t\t\t\t<\/li>\n\t\t\t\t\t\t\t\t<li class=\"elementor-icon-list-item\">\n\t\t\t\t\t\t\t\t\t\t\t<a href=\"https:\/\/mgseng.it\/es\/servicios\/reparacion-de-motores\/\">\n\n\t\t\t\t\t\t\t\t\t\t\t\t<span class=\"elementor-icon-list-icon\">\n\t\t\t\t\t\t\t<svg aria-hidden=\"true\" class=\"e-font-icon-svg e-fas-chevron-right\" viewBox=\"0 0 320 512\" xmlns=\"http:\/\/www.w3.org\/2000\/svg\"><path d=\"M285.476 272.971L91.132 467.314c-9.373 9.373-24.569 9.373-33.941 0l-22.667-22.667c-9.357-9.357-9.375-24.522-.04-33.901L188.505 256 34.484 101.255c-9.335-9.379-9.317-24.544.04-33.901l22.667-22.667c9.373-9.373 24.569-9.373 33.941 0L285.475 239.03c9.373 9.372 9.373 24.568.001 33.941z\"><\/path><\/svg>\t\t\t\t\t\t<\/span>\n\t\t\t\t\t\t\t\t\t\t<span class=\"elementor-icon-list-text\">Reparaci\u00f3n de Motores<\/span>\n\t\t\t\t\t\t\t\t\t\t\t<\/a>\n\t\t\t\t\t\t\t\t\t<\/li>\n\t\t\t\t\t\t<\/ul>\n\t\t\t\t\t\t<\/div>\n\t\t\t\t<\/div>\n\t\t\t\t\t<\/div>\n\t\t<\/div>\n\t\t\t\t\t<\/div>\n\t\t<\/section>\n\t\t\t\t<\/div>\n\t\t","protected":false},"excerpt":{"rendered":"<p>Venta de motores Dise\u00f1o de motores y generadores, suministro de motores el\u00e9ctricos nuevos, usados, revisados y garantizados Venta de motores Dise\u00f1amos motores, generadores, m\u00e1quinas el\u00e9ctricas rotativas as\u00edncronas, s\u00edncronas, s\u00edncronas con imanes permanentes y de corriente continua, utilizando un software desarrollado internamente. Basado en algoritmos anal\u00edticos y elementos terminados, puede analizar modelos mec\u00e1nicos, el\u00e9ctricos y magn\u00e9ticos [&hellip;]<\/p>\n","protected":false},"author":1,"featured_media":0,"parent":1261,"menu_order":0,"comment_status":"closed","ping_status":"closed","template":"elementor_header_footer","meta":{"footnotes":""},"class_list":["post-1264","page","type-page","status-publish","hentry"],"yoast_head":"<!-- This site is optimized with the Yoast SEO plugin v27.6 - https:\/\/yoast.com\/product\/yoast-seo-wordpress\/ -->\n<title>Venta de Motores El\u00e9ctricos - Nuevos y Reacondicionados<\/title>\n<meta name=\"description\" content=\"Compra motores el\u00e9ctricos nuevos o reacondicionados de alta calidad. Asesoramiento t\u00e9cnico y asistencia dedicada para cada necesidad\" \/>\n<meta name=\"robots\" content=\"index, follow, max-snippet:-1, max-image-preview:large, max-video-preview:-1\" \/>\n<link rel=\"canonical\" href=\"https:\/\/mgseng.it\/es\/servicios\/venta-de-motores\/\" \/>\n<meta property=\"og:locale\" content=\"es_ES\" \/>\n<meta property=\"og:type\" content=\"article\" \/>\n<meta property=\"og:title\" content=\"Venta de Motores El\u00e9ctricos - Nuevos y Reacondicionados\" \/>\n<meta property=\"og:description\" content=\"Compra motores el\u00e9ctricos nuevos o reacondicionados de alta calidad. Asesoramiento t\u00e9cnico y asistencia dedicada para cada necesidad\" \/>\n<meta property=\"og:url\" content=\"https:\/\/mgseng.it\/es\/servicios\/venta-de-motores\/\" \/>\n<meta property=\"og:site_name\" content=\"MGS Engineering - Revisione e Vendita Motori Elettrici Industriali\" \/>\n<meta property=\"article:modified_time\" content=\"2025-09-18T16:30:28+00:00\" \/>\n<meta property=\"og:image\" content=\"https:\/\/mgseng.it\/wp-content\/uploads\/2024\/11\/vendita-motori-MGS1.jpg\" \/>\n\t<meta property=\"og:image:width\" content=\"1600\" \/>\n\t<meta property=\"og:image:height\" content=\"1083\" \/>\n\t<meta property=\"og:image:type\" content=\"image\/jpeg\" \/>\n<meta name=\"twitter:card\" content=\"summary_large_image\" \/>\n<meta name=\"twitter:label1\" content=\"Tiempo de lectura\" \/>\n\t<meta name=\"twitter:data1\" content=\"2 minutos\" \/>\n<script type=\"application\/ld+json\" class=\"yoast-schema-graph\">{\"@context\":\"https:\\\/\\\/schema.org\",\"@graph\":[{\"@type\":\"WebPage\",\"@id\":\"https:\\\/\\\/mgseng.it\\\/es\\\/servicios\\\/venta-de-motores\\\/\",\"url\":\"https:\\\/\\\/mgseng.it\\\/es\\\/servicios\\\/venta-de-motores\\\/\",\"name\":\"Venta de Motores El\u00e9ctricos - Nuevos y Reacondicionados\",\"isPartOf\":{\"@id\":\"https:\\\/\\\/mgseng.it\\\/es\\\/#website\"},\"primaryImageOfPage\":{\"@id\":\"https:\\\/\\\/mgseng.it\\\/es\\\/servicios\\\/venta-de-motores\\\/#primaryimage\"},\"image\":{\"@id\":\"https:\\\/\\\/mgseng.it\\\/es\\\/servicios\\\/venta-de-motores\\\/#primaryimage\"},\"thumbnailUrl\":\"https:\\\/\\\/mgseng.it\\\/wp-content\\\/uploads\\\/2024\\\/11\\\/vendita-motori-MGS1.jpg\",\"datePublished\":\"2024-07-23T08:36:56+00:00\",\"dateModified\":\"2025-09-18T16:30:28+00:00\",\"description\":\"Compra motores el\u00e9ctricos nuevos o reacondicionados de alta calidad. Asesoramiento t\u00e9cnico y asistencia dedicada para cada necesidad\",\"breadcrumb\":{\"@id\":\"https:\\\/\\\/mgseng.it\\\/es\\\/servicios\\\/venta-de-motores\\\/#breadcrumb\"},\"inLanguage\":\"es\",\"potentialAction\":[{\"@type\":\"ReadAction\",\"target\":[\"https:\\\/\\\/mgseng.it\\\/es\\\/servicios\\\/venta-de-motores\\\/\"]}]},{\"@type\":\"ImageObject\",\"inLanguage\":\"es\",\"@id\":\"https:\\\/\\\/mgseng.it\\\/es\\\/servicios\\\/venta-de-motores\\\/#primaryimage\",\"url\":\"https:\\\/\\\/mgseng.it\\\/wp-content\\\/uploads\\\/2024\\\/11\\\/vendita-motori-MGS1.jpg\",\"contentUrl\":\"https:\\\/\\\/mgseng.it\\\/wp-content\\\/uploads\\\/2024\\\/11\\\/vendita-motori-MGS1.jpg\"},{\"@type\":\"BreadcrumbList\",\"@id\":\"https:\\\/\\\/mgseng.it\\\/es\\\/servicios\\\/venta-de-motores\\\/#breadcrumb\",\"itemListElement\":[{\"@type\":\"ListItem\",\"position\":1,\"name\":\"Home\",\"item\":\"https:\\\/\\\/mgseng.it\\\/es\\\/\"},{\"@type\":\"ListItem\",\"position\":2,\"name\":\"Servicios\",\"item\":\"https:\\\/\\\/mgseng.it\\\/es\\\/servicios\\\/\"},{\"@type\":\"ListItem\",\"position\":3,\"name\":\"Venta de Motores\"}]},{\"@type\":\"WebSite\",\"@id\":\"https:\\\/\\\/mgseng.it\\\/es\\\/#website\",\"url\":\"https:\\\/\\\/mgseng.it\\\/es\\\/\",\"name\":\"MGS - Motor Generator Service Engineering\",\"description\":\"MGS Engineering, leader nella revisione, riparazione e vendita di motori elettrici per diversi settori industriali\",\"publisher\":{\"@id\":\"https:\\\/\\\/mgseng.it\\\/es\\\/#organization\"},\"potentialAction\":[{\"@type\":\"SearchAction\",\"target\":{\"@type\":\"EntryPoint\",\"urlTemplate\":\"https:\\\/\\\/mgseng.it\\\/es\\\/?s={search_term_string}\"},\"query-input\":{\"@type\":\"PropertyValueSpecification\",\"valueRequired\":true,\"valueName\":\"search_term_string\"}}],\"inLanguage\":\"es\"},{\"@type\":\"Organization\",\"@id\":\"https:\\\/\\\/mgseng.it\\\/es\\\/#organization\",\"name\":\"Vendita, riparazione e revisione motori elettrici industriali\",\"url\":\"https:\\\/\\\/mgseng.it\\\/es\\\/\",\"logo\":{\"@type\":\"ImageObject\",\"inLanguage\":\"es\",\"@id\":\"https:\\\/\\\/mgseng.it\\\/es\\\/#\\\/schema\\\/logo\\\/image\\\/\",\"url\":\"https:\\\/\\\/mgseng.it\\\/wp-content\\\/uploads\\\/2024\\\/06\\\/MGS-logo.png\",\"contentUrl\":\"https:\\\/\\\/mgseng.it\\\/wp-content\\\/uploads\\\/2024\\\/06\\\/MGS-logo.png\",\"width\":479,\"height\":479,\"caption\":\"Vendita, riparazione e revisione motori elettrici industriali\"},\"image\":{\"@id\":\"https:\\\/\\\/mgseng.it\\\/es\\\/#\\\/schema\\\/logo\\\/image\\\/\"}}]}<\/script>\n<!-- \/ Yoast SEO plugin. -->","yoast_head_json":{"title":"Venta de Motores El\u00e9ctricos - Nuevos y Reacondicionados","description":"Compra motores el\u00e9ctricos nuevos o reacondicionados de alta calidad. Asesoramiento t\u00e9cnico y asistencia dedicada para cada necesidad","robots":{"index":"index","follow":"follow","max-snippet":"max-snippet:-1","max-image-preview":"max-image-preview:large","max-video-preview":"max-video-preview:-1"},"canonical":"https:\/\/mgseng.it\/es\/servicios\/venta-de-motores\/","og_locale":"es_ES","og_type":"article","og_title":"Venta de Motores El\u00e9ctricos - Nuevos y Reacondicionados","og_description":"Compra motores el\u00e9ctricos nuevos o reacondicionados de alta calidad. Asesoramiento t\u00e9cnico y asistencia dedicada para cada necesidad","og_url":"https:\/\/mgseng.it\/es\/servicios\/venta-de-motores\/","og_site_name":"MGS Engineering - Revisione e Vendita Motori Elettrici Industriali","article_modified_time":"2025-09-18T16:30:28+00:00","og_image":[{"width":1600,"height":1083,"url":"https:\/\/mgseng.it\/wp-content\/uploads\/2024\/11\/vendita-motori-MGS1.jpg","type":"image\/jpeg"}],"twitter_card":"summary_large_image","twitter_misc":{"Tiempo de lectura":"2 minutos"},"schema":{"@context":"https:\/\/schema.org","@graph":[{"@type":"WebPage","@id":"https:\/\/mgseng.it\/es\/servicios\/venta-de-motores\/","url":"https:\/\/mgseng.it\/es\/servicios\/venta-de-motores\/","name":"Venta de Motores El\u00e9ctricos - Nuevos y Reacondicionados","isPartOf":{"@id":"https:\/\/mgseng.it\/es\/#website"},"primaryImageOfPage":{"@id":"https:\/\/mgseng.it\/es\/servicios\/venta-de-motores\/#primaryimage"},"image":{"@id":"https:\/\/mgseng.it\/es\/servicios\/venta-de-motores\/#primaryimage"},"thumbnailUrl":"https:\/\/mgseng.it\/wp-content\/uploads\/2024\/11\/vendita-motori-MGS1.jpg","datePublished":"2024-07-23T08:36:56+00:00","dateModified":"2025-09-18T16:30:28+00:00","description":"Compra motores el\u00e9ctricos nuevos o reacondicionados de alta calidad. Asesoramiento t\u00e9cnico y asistencia dedicada para cada necesidad","breadcrumb":{"@id":"https:\/\/mgseng.it\/es\/servicios\/venta-de-motores\/#breadcrumb"},"inLanguage":"es","potentialAction":[{"@type":"ReadAction","target":["https:\/\/mgseng.it\/es\/servicios\/venta-de-motores\/"]}]},{"@type":"ImageObject","inLanguage":"es","@id":"https:\/\/mgseng.it\/es\/servicios\/venta-de-motores\/#primaryimage","url":"https:\/\/mgseng.it\/wp-content\/uploads\/2024\/11\/vendita-motori-MGS1.jpg","contentUrl":"https:\/\/mgseng.it\/wp-content\/uploads\/2024\/11\/vendita-motori-MGS1.jpg"},{"@type":"BreadcrumbList","@id":"https:\/\/mgseng.it\/es\/servicios\/venta-de-motores\/#breadcrumb","itemListElement":[{"@type":"ListItem","position":1,"name":"Home","item":"https:\/\/mgseng.it\/es\/"},{"@type":"ListItem","position":2,"name":"Servicios","item":"https:\/\/mgseng.it\/es\/servicios\/"},{"@type":"ListItem","position":3,"name":"Venta de Motores"}]},{"@type":"WebSite","@id":"https:\/\/mgseng.it\/es\/#website","url":"https:\/\/mgseng.it\/es\/","name":"MGS - Motor Generator Service Engineering","description":"MGS Engineering, leader nella revisione, riparazione e vendita di motori elettrici per diversi settori industriali","publisher":{"@id":"https:\/\/mgseng.it\/es\/#organization"},"potentialAction":[{"@type":"SearchAction","target":{"@type":"EntryPoint","urlTemplate":"https:\/\/mgseng.it\/es\/?s={search_term_string}"},"query-input":{"@type":"PropertyValueSpecification","valueRequired":true,"valueName":"search_term_string"}}],"inLanguage":"es"},{"@type":"Organization","@id":"https:\/\/mgseng.it\/es\/#organization","name":"Vendita, riparazione e revisione motori elettrici industriali","url":"https:\/\/mgseng.it\/es\/","logo":{"@type":"ImageObject","inLanguage":"es","@id":"https:\/\/mgseng.it\/es\/#\/schema\/logo\/image\/","url":"https:\/\/mgseng.it\/wp-content\/uploads\/2024\/06\/MGS-logo.png","contentUrl":"https:\/\/mgseng.it\/wp-content\/uploads\/2024\/06\/MGS-logo.png","width":479,"height":479,"caption":"Vendita, riparazione e revisione motori elettrici industriali"},"image":{"@id":"https:\/\/mgseng.it\/es\/#\/schema\/logo\/image\/"}}]}},"_links":{"self":[{"href":"https:\/\/mgseng.it\/es\/wp-json\/wp\/v2\/pages\/1264","targetHints":{"allow":["GET"]}}],"collection":[{"href":"https:\/\/mgseng.it\/es\/wp-json\/wp\/v2\/pages"}],"about":[{"href":"https:\/\/mgseng.it\/es\/wp-json\/wp\/v2\/types\/page"}],"author":[{"embeddable":true,"href":"https:\/\/mgseng.it\/es\/wp-json\/wp\/v2\/users\/1"}],"replies":[{"embeddable":true,"href":"https:\/\/mgseng.it\/es\/wp-json\/wp\/v2\/comments?post=1264"}],"version-history":[{"count":0,"href":"https:\/\/mgseng.it\/es\/wp-json\/wp\/v2\/pages\/1264\/revisions"}],"up":[{"embeddable":true,"href":"https:\/\/mgseng.it\/es\/wp-json\/wp\/v2\/pages\/1261"}],"wp:attachment":[{"href":"https:\/\/mgseng.it\/es\/wp-json\/wp\/v2\/media?parent=1264"}],"curies":[{"name":"wp","href":"https:\/\/api.w.org\/{rel}","templated":true}]}}