{"id":1261,"date":"2024-07-04T09:39:49","date_gmt":"2024-07-04T09:39:49","guid":{"rendered":"https:\/\/mgseng.it\/servicios\/"},"modified":"2025-09-18T16:30:11","modified_gmt":"2025-09-18T16:30:11","slug":"servicios","status":"publish","type":"page","link":"https:\/\/mgseng.it\/es\/servicios\/","title":{"rendered":"Servicios"},"content":{"rendered":"\t\t<div data-elementor-type=\"wp-page\" data-elementor-id=\"1261\" class=\"elementor elementor-1261 elementor-384\">\n\t\t\t\t\t\t<section class=\"elementor-section elementor-top-section elementor-element elementor-element-7aae73c9 elementor-section-boxed elementor-section-height-default elementor-section-height-default\" data-id=\"7aae73c9\" data-element_type=\"section\" data-e-type=\"section\" data-settings=\"{&quot;background_background&quot;:&quot;classic&quot;}\">\n\t\t\t\t\t\t\t<div class=\"elementor-background-overlay\"><\/div>\n\t\t\t\t\t\t\t<div class=\"elementor-container elementor-column-gap-default\">\n\t\t\t\t\t<div class=\"elementor-column elementor-col-100 elementor-top-column elementor-element elementor-element-1f18f210\" data-id=\"1f18f210\" data-element_type=\"column\" data-e-type=\"column\">\n\t\t\t<div class=\"elementor-widget-wrap elementor-element-populated\">\n\t\t\t\t\t\t<div class=\"elementor-element elementor-element-fc8742e elementor-widget__width-auto elementor-invisible elementor-widget elementor-widget-heading\" data-id=\"fc8742e\" data-element_type=\"widget\" data-e-type=\"widget\" data-settings=\"{&quot;_animation&quot;:&quot;fadeInLeft&quot;}\" data-widget_type=\"heading.default\">\n\t\t\t\t<div class=\"elementor-widget-container\">\n\t\t\t\t\t<h1 class=\"elementor-heading-title elementor-size-default\">Servicios<\/h1>\t\t\t\t<\/div>\n\t\t\t\t<\/div>\n\t\t\t\t<section class=\"elementor-section elementor-inner-section elementor-element elementor-element-1200d415 elementor-section-boxed elementor-section-height-default elementor-section-height-default\" data-id=\"1200d415\" data-element_type=\"section\" data-e-type=\"section\">\n\t\t\t\t\t\t<div class=\"elementor-container elementor-column-gap-no\">\n\t\t\t\t\t<div class=\"elementor-column elementor-col-100 elementor-inner-column elementor-element elementor-element-c86846a elementor-invisible\" data-id=\"c86846a\" data-element_type=\"column\" data-e-type=\"column\" data-settings=\"{&quot;animation&quot;:&quot;fadeInDown&quot;}\">\n\t\t\t<div class=\"elementor-widget-wrap elementor-element-populated\">\n\t\t\t\t\t\t<div class=\"elementor-element elementor-element-12764528 elementor-invisible elementor-widget elementor-widget-text-editor\" data-id=\"12764528\" data-element_type=\"widget\" data-e-type=\"widget\" data-settings=\"{&quot;_animation&quot;:&quot;fadeIn&quot;,&quot;_animation_delay&quot;:1080}\" data-widget_type=\"text-editor.default\">\n\t\t\t\t<div class=\"elementor-widget-container\">\n\t\t\t\t\t\t\t\t\tTecnolog\u00eda vanguardista y profesionalidad exclusiva para estar siempre a la altura de las necesidades de nuestros clientes\n\t\t\t\t\t\t\t\t<\/div>\n\t\t\t\t<\/div>\n\t\t\t\t\t<\/div>\n\t\t<\/div>\n\t\t\t\t\t<\/div>\n\t\t<\/section>\n\t\t\t\t\t<\/div>\n\t\t<\/div>\n\t\t\t\t\t<\/div>\n\t\t<\/section>\n\t\t\t\t<section class=\"elementor-section elementor-top-section elementor-element elementor-element-55f33d38 elementor-section-boxed elementor-section-height-default elementor-section-height-default\" data-id=\"55f33d38\" data-element_type=\"section\" data-e-type=\"section\">\n\t\t\t\t\t\t<div class=\"elementor-container elementor-column-gap-default\">\n\t\t\t\t\t<div class=\"elementor-column elementor-col-100 elementor-top-column elementor-element elementor-element-1a5aeae0\" data-id=\"1a5aeae0\" data-element_type=\"column\" data-e-type=\"column\">\n\t\t\t<div class=\"elementor-widget-wrap elementor-element-populated\">\n\t\t\t\t\t\t<section class=\"elementor-section elementor-inner-section elementor-element elementor-element-20227249 elementor-section-boxed elementor-section-height-default elementor-section-height-default\" data-id=\"20227249\" data-element_type=\"section\" data-e-type=\"section\">\n\t\t\t\t\t\t<div class=\"elementor-container elementor-column-gap-default\">\n\t\t\t\t\t<div class=\"elementor-column elementor-col-50 elementor-inner-column elementor-element elementor-element-6de3cd71\" data-id=\"6de3cd71\" data-element_type=\"column\" data-e-type=\"column\" data-settings=\"{&quot;animation&quot;:&quot;none&quot;}\">\n\t\t\t<div class=\"elementor-widget-wrap elementor-element-populated\">\n\t\t\t\t\t\t<div class=\"elementor-element elementor-element-112bc036 elementor-invisible elementor-widget elementor-widget-heading\" data-id=\"112bc036\" data-element_type=\"widget\" data-e-type=\"widget\" data-settings=\"{&quot;_animation&quot;:&quot;fadeInUp&quot;}\" data-widget_type=\"heading.default\">\n\t\t\t\t<div class=\"elementor-widget-container\">\n\t\t\t\t\t<h2 class=\"elementor-heading-title elementor-size-default\">Nuestra experiencia al servicio de tu negocio<\/h2>\t\t\t\t<\/div>\n\t\t\t\t<\/div>\n\t\t\t\t\t<\/div>\n\t\t<\/div>\n\t\t\t\t<div class=\"elementor-column elementor-col-50 elementor-inner-column elementor-element elementor-element-112c4a7d elementor-invisible\" data-id=\"112c4a7d\" data-element_type=\"column\" data-e-type=\"column\" data-settings=\"{&quot;animation&quot;:&quot;fadeInRight&quot;}\">\n\t\t\t<div class=\"elementor-widget-wrap elementor-element-populated\">\n\t\t\t\t\t\t<div class=\"elementor-element elementor-element-579e2be0 elementor-widget elementor-widget-text-editor\" data-id=\"579e2be0\" data-element_type=\"widget\" data-e-type=\"widget\" data-widget_type=\"text-editor.default\">\n\t\t\t\t<div class=\"elementor-widget-container\">\n\t\t\t\t\t\t\t\t\t<p class=\"p1\">Compartimos los objetivos de productividad de nuestros clientes. Por eso garantizamos servicios altamente profesionales que, sobre todo en t\u00e9rminos de calidad y puntualidad, pueden ofrecer realmente a las empresas una ventaja competitiva. <\/p>\n\t\t\t\t\t\t\t\t<\/div>\n\t\t\t\t<\/div>\n\t\t\t\t\t<\/div>\n\t\t<\/div>\n\t\t\t\t\t<\/div>\n\t\t<\/section>\n\t\t\t\t<section class=\"elementor-section elementor-inner-section elementor-element elementor-element-679aafde elementor-section-boxed elementor-section-height-default elementor-section-height-default\" data-id=\"679aafde\" data-element_type=\"section\" data-e-type=\"section\">\n\t\t\t\t\t\t<div class=\"elementor-container elementor-column-gap-default\">\n\t\t\t\t\t<div class=\"elementor-column elementor-col-33 elementor-inner-column elementor-element elementor-element-6449b59a elementor-invisible\" data-id=\"6449b59a\" data-element_type=\"column\" data-e-type=\"column\" data-settings=\"{&quot;animation&quot;:&quot;fadeInUp&quot;}\">\n\t\t\t<div class=\"elementor-widget-wrap elementor-element-populated\">\n\t\t\t\t\t\t<div class=\"elementor-element elementor-element-2ced6186 ekit-equal-height-disable elementor-widget elementor-widget-elementskit-icon-box\" data-id=\"2ced6186\" data-element_type=\"widget\" data-e-type=\"widget\" data-widget_type=\"elementskit-icon-box.default\">\n\t\t\t\t<div class=\"elementor-widget-container\">\n\t\t\t\t\t<div class=\"ekit-wid-con\" >        <!-- link opening -->\n                <!-- end link opening -->\n\n        <div class=\"elementskit-infobox text-left text-left icon-top-align elementor-animation-   \">\n                    <div class=\"elementskit-box-header elementor-animation-\">\n                <div class=\"elementskit-info-box-icon  \">\n                    <i aria-hidden=\"true\" class=\"elementkit-infobox-icon icon icon-user-registration\"><\/i>\n                <\/div>\n          <\/div>\n                        <div class=\"box-body\">\n                            <div class=\"elementskit-info-box-title\">\n                    Revisi\u00f3n de Motores                <\/div>\n                        \t\t  \t<p>Para m\u00e1quinas el\u00e9ctricas rotativas s\u00edncronas, as\u00edncronas y de corriente continua<\/p>\n                                        <div class=\"box-footer disable_hover_button\">\n                    <div class=\"btn-wraper\">\n                                                            <a class=\"elementskit-btn whitespace--normal\" href=\"https:\/\/mgseng.it\/index.php\/servizi\/revisione-motori\/\">\n                                                                                Descubre m\u00e1s                                    <\/a>\n                                                        <\/div>\n                <\/div>\n                    <\/div>\n        \n        \n                <\/div>\n        <\/div>\t\t\t\t<\/div>\n\t\t\t\t<\/div>\n\t\t\t\t\t<\/div>\n\t\t<\/div>\n\t\t\t\t<div class=\"elementor-column elementor-col-33 elementor-inner-column elementor-element elementor-element-1d5f6d7 elementor-invisible\" data-id=\"1d5f6d7\" data-element_type=\"column\" data-e-type=\"column\" data-settings=\"{&quot;animation&quot;:&quot;fadeInUp&quot;,&quot;animation_delay&quot;:240}\">\n\t\t\t<div class=\"elementor-widget-wrap elementor-element-populated\">\n\t\t\t\t\t\t<div class=\"elementor-element elementor-element-4db1d9ec ekit-equal-height-disable elementor-widget elementor-widget-elementskit-icon-box\" data-id=\"4db1d9ec\" data-element_type=\"widget\" data-e-type=\"widget\" data-widget_type=\"elementskit-icon-box.default\">\n\t\t\t\t<div class=\"elementor-widget-container\">\n\t\t\t\t\t<div class=\"ekit-wid-con\" >        <!-- link opening -->\n                <!-- end link opening -->\n\n        <div class=\"elementskit-infobox text-left text-left icon-top-align elementor-animation-   \">\n                    <div class=\"elementskit-box-header elementor-animation-\">\n                <div class=\"elementskit-info-box-icon  \">\n                    <i aria-hidden=\"true\" class=\"elementkit-infobox-icon icon icon-tools\"><\/i>\n                <\/div>\n          <\/div>\n                        <div class=\"box-body\">\n                            <div class=\"elementskit-info-box-title\">\n                    Reparaci\u00f3n de Motores                <\/div>\n                        \t\t  \t<p>Servicios de mantenimiento\/reparaci\u00f3n el\u00e9ctrica y de reconstrucci\u00f3n de piezas mec\u00e1nicas da\u00f1adas.\n<\/p>\n                                        <div class=\"box-footer disable_hover_button\">\n                    <div class=\"btn-wraper\">\n                                                            <a class=\"elementskit-btn whitespace--normal\" href=\"https:\/\/mgseng.it\/index.php\/servizi\/riparazione-motori\/\">\n                                                                                Descubre m\u00e1s                                    <\/a>\n                                                        <\/div>\n                <\/div>\n                    <\/div>\n        \n        \n                <\/div>\n        <\/div>\t\t\t\t<\/div>\n\t\t\t\t<\/div>\n\t\t\t\t\t<\/div>\n\t\t<\/div>\n\t\t\t\t<div class=\"elementor-column elementor-col-33 elementor-inner-column elementor-element elementor-element-4e1b8ff9 elementor-invisible\" data-id=\"4e1b8ff9\" data-element_type=\"column\" data-e-type=\"column\" data-settings=\"{&quot;animation&quot;:&quot;fadeInUp&quot;,&quot;animation_delay&quot;:480}\">\n\t\t\t<div class=\"elementor-widget-wrap elementor-element-populated\">\n\t\t\t\t\t\t<div class=\"elementor-element elementor-element-74ef9ee7 ekit-equal-height-disable elementor-widget elementor-widget-elementskit-icon-box\" data-id=\"74ef9ee7\" data-element_type=\"widget\" data-e-type=\"widget\" data-widget_type=\"elementskit-icon-box.default\">\n\t\t\t\t<div class=\"elementor-widget-container\">\n\t\t\t\t\t<div class=\"ekit-wid-con\" >        <!-- link opening -->\n                <!-- end link opening -->\n\n        <div class=\"elementskit-infobox text-left text-left icon-top-align elementor-animation-   \">\n                    <div class=\"elementskit-box-header elementor-animation-\">\n                <div class=\"elementskit-info-box-icon  \">\n                    <i aria-hidden=\"true\" class=\"elementkit-infobox-icon icon icon-money\"><\/i>\n                <\/div>\n          <\/div>\n                        <div class=\"box-body\">\n                            <div class=\"elementskit-info-box-title\">\n                    Venta de Motores                <\/div>\n                        \t\t  \t<p>M\u00e1quinas de nueva construcci\u00f3n y, en stock, motores el\u00e9ctricos nuevos, usados, revisados y garantizados.<\/p>\n                                        <div class=\"box-footer disable_hover_button\">\n                    <div class=\"btn-wraper\">\n                                                            <a class=\"elementskit-btn whitespace--normal\" href=\"https:\/\/mgseng.it\/index.php\/servizi\/vendita-motori\/\">\n                                                                                Descubre m\u00e1s                                    <\/a>\n                                                        <\/div>\n                <\/div>\n                    <\/div>\n        \n        \n                <\/div>\n        <\/div>\t\t\t\t<\/div>\n\t\t\t\t<\/div>\n\t\t\t\t\t<\/div>\n\t\t<\/div>\n\t\t\t\t\t<\/div>\n\t\t<\/section>\n\t\t\t\t\t<\/div>\n\t\t<\/div>\n\t\t\t\t\t<\/div>\n\t\t<\/section>\n\t\t\t\t<\/div>\n\t\t","protected":false},"excerpt":{"rendered":"<p>Servicios Tecnolog\u00eda vanguardista y profesionalidad exclusiva para estar siempre a la altura de las necesidades de nuestros clientes Nuestra experiencia al servicio de tu negocio Compartimos los objetivos de productividad de nuestros clientes. Por eso garantizamos servicios altamente profesionales que, sobre todo en t\u00e9rminos de calidad y puntualidad, pueden ofrecer realmente a las empresas una [&hellip;]<\/p>\n","protected":false},"author":1,"featured_media":0,"parent":0,"menu_order":0,"comment_status":"closed","ping_status":"closed","template":"elementor_header_footer","meta":{"footnotes":""},"class_list":["post-1261","page","type-page","status-publish","hentry"],"yoast_head":"<!-- This site is optimized with the Yoast SEO plugin v27.6 - https:\/\/yoast.com\/product\/yoast-seo-wordpress\/ -->\n<title>Revisi\u00f3n, reparaci\u00f3n y venta de motores el\u00e9ctricos industriales<\/title>\n<meta name=\"description\" content=\"Ofrecemos un servicio r\u00e1pido y profesional de venta y reparaci\u00f3n de motores el\u00e9ctricos y componentes mec\u00e1nicos\" \/>\n<meta name=\"robots\" content=\"index, follow, max-snippet:-1, max-image-preview:large, max-video-preview:-1\" \/>\n<link rel=\"canonical\" href=\"https:\/\/mgseng.it\/es\/servicios\/\" \/>\n<meta property=\"og:locale\" content=\"es_ES\" \/>\n<meta property=\"og:type\" content=\"article\" \/>\n<meta property=\"og:title\" content=\"Revisi\u00f3n, reparaci\u00f3n y venta de motores el\u00e9ctricos industriales\" \/>\n<meta property=\"og:description\" content=\"Ofrecemos un servicio r\u00e1pido y profesional de venta y reparaci\u00f3n de motores el\u00e9ctricos y componentes mec\u00e1nicos\" \/>\n<meta property=\"og:url\" content=\"https:\/\/mgseng.it\/es\/servicios\/\" \/>\n<meta property=\"og:site_name\" content=\"MGS Engineering - Revisione e Vendita Motori Elettrici Industriali\" \/>\n<meta property=\"article:modified_time\" content=\"2025-09-18T16:30:11+00:00\" \/>\n<meta name=\"twitter:card\" content=\"summary_large_image\" \/>\n<meta name=\"twitter:label1\" content=\"Tiempo de lectura\" \/>\n\t<meta name=\"twitter:data1\" content=\"1 minuto\" \/>\n<script type=\"application\/ld+json\" class=\"yoast-schema-graph\">{\"@context\":\"https:\\\/\\\/schema.org\",\"@graph\":[{\"@type\":\"WebPage\",\"@id\":\"https:\\\/\\\/mgseng.it\\\/es\\\/servicios\\\/\",\"url\":\"https:\\\/\\\/mgseng.it\\\/es\\\/servicios\\\/\",\"name\":\"Revisi\u00f3n, reparaci\u00f3n y venta de motores el\u00e9ctricos industriales\",\"isPartOf\":{\"@id\":\"https:\\\/\\\/mgseng.it\\\/es\\\/#website\"},\"datePublished\":\"2024-07-04T09:39:49+00:00\",\"dateModified\":\"2025-09-18T16:30:11+00:00\",\"description\":\"Ofrecemos un servicio r\u00e1pido y profesional de venta y reparaci\u00f3n de motores el\u00e9ctricos y componentes mec\u00e1nicos\",\"breadcrumb\":{\"@id\":\"https:\\\/\\\/mgseng.it\\\/es\\\/servicios\\\/#breadcrumb\"},\"inLanguage\":\"es\",\"potentialAction\":[{\"@type\":\"ReadAction\",\"target\":[\"https:\\\/\\\/mgseng.it\\\/es\\\/servicios\\\/\"]}]},{\"@type\":\"BreadcrumbList\",\"@id\":\"https:\\\/\\\/mgseng.it\\\/es\\\/servicios\\\/#breadcrumb\",\"itemListElement\":[{\"@type\":\"ListItem\",\"position\":1,\"name\":\"Home\",\"item\":\"https:\\\/\\\/mgseng.it\\\/es\\\/\"},{\"@type\":\"ListItem\",\"position\":2,\"name\":\"Servicios\"}]},{\"@type\":\"WebSite\",\"@id\":\"https:\\\/\\\/mgseng.it\\\/es\\\/#website\",\"url\":\"https:\\\/\\\/mgseng.it\\\/es\\\/\",\"name\":\"MGS - Motor Generator Service Engineering\",\"description\":\"MGS Engineering, leader nella revisione, riparazione e vendita di motori elettrici per diversi settori industriali\",\"publisher\":{\"@id\":\"https:\\\/\\\/mgseng.it\\\/es\\\/#organization\"},\"potentialAction\":[{\"@type\":\"SearchAction\",\"target\":{\"@type\":\"EntryPoint\",\"urlTemplate\":\"https:\\\/\\\/mgseng.it\\\/es\\\/?s={search_term_string}\"},\"query-input\":{\"@type\":\"PropertyValueSpecification\",\"valueRequired\":true,\"valueName\":\"search_term_string\"}}],\"inLanguage\":\"es\"},{\"@type\":\"Organization\",\"@id\":\"https:\\\/\\\/mgseng.it\\\/es\\\/#organization\",\"name\":\"Vendita, riparazione e revisione motori elettrici industriali\",\"url\":\"https:\\\/\\\/mgseng.it\\\/es\\\/\",\"logo\":{\"@type\":\"ImageObject\",\"inLanguage\":\"es\",\"@id\":\"https:\\\/\\\/mgseng.it\\\/es\\\/#\\\/schema\\\/logo\\\/image\\\/\",\"url\":\"https:\\\/\\\/mgseng.it\\\/wp-content\\\/uploads\\\/2024\\\/06\\\/MGS-logo.png\",\"contentUrl\":\"https:\\\/\\\/mgseng.it\\\/wp-content\\\/uploads\\\/2024\\\/06\\\/MGS-logo.png\",\"width\":479,\"height\":479,\"caption\":\"Vendita, riparazione e revisione motori elettrici industriali\"},\"image\":{\"@id\":\"https:\\\/\\\/mgseng.it\\\/es\\\/#\\\/schema\\\/logo\\\/image\\\/\"}}]}<\/script>\n<!-- \/ Yoast SEO plugin. -->","yoast_head_json":{"title":"Revisi\u00f3n, reparaci\u00f3n y venta de motores el\u00e9ctricos industriales","description":"Ofrecemos un servicio r\u00e1pido y profesional de venta y reparaci\u00f3n de motores el\u00e9ctricos y componentes mec\u00e1nicos","robots":{"index":"index","follow":"follow","max-snippet":"max-snippet:-1","max-image-preview":"max-image-preview:large","max-video-preview":"max-video-preview:-1"},"canonical":"https:\/\/mgseng.it\/es\/servicios\/","og_locale":"es_ES","og_type":"article","og_title":"Revisi\u00f3n, reparaci\u00f3n y venta de motores el\u00e9ctricos industriales","og_description":"Ofrecemos un servicio r\u00e1pido y profesional de venta y reparaci\u00f3n de motores el\u00e9ctricos y componentes mec\u00e1nicos","og_url":"https:\/\/mgseng.it\/es\/servicios\/","og_site_name":"MGS Engineering - Revisione e Vendita Motori Elettrici Industriali","article_modified_time":"2025-09-18T16:30:11+00:00","twitter_card":"summary_large_image","twitter_misc":{"Tiempo de lectura":"1 minuto"},"schema":{"@context":"https:\/\/schema.org","@graph":[{"@type":"WebPage","@id":"https:\/\/mgseng.it\/es\/servicios\/","url":"https:\/\/mgseng.it\/es\/servicios\/","name":"Revisi\u00f3n, reparaci\u00f3n y venta de motores el\u00e9ctricos industriales","isPartOf":{"@id":"https:\/\/mgseng.it\/es\/#website"},"datePublished":"2024-07-04T09:39:49+00:00","dateModified":"2025-09-18T16:30:11+00:00","description":"Ofrecemos un servicio r\u00e1pido y profesional de venta y reparaci\u00f3n de motores el\u00e9ctricos y componentes mec\u00e1nicos","breadcrumb":{"@id":"https:\/\/mgseng.it\/es\/servicios\/#breadcrumb"},"inLanguage":"es","potentialAction":[{"@type":"ReadAction","target":["https:\/\/mgseng.it\/es\/servicios\/"]}]},{"@type":"BreadcrumbList","@id":"https:\/\/mgseng.it\/es\/servicios\/#breadcrumb","itemListElement":[{"@type":"ListItem","position":1,"name":"Home","item":"https:\/\/mgseng.it\/es\/"},{"@type":"ListItem","position":2,"name":"Servicios"}]},{"@type":"WebSite","@id":"https:\/\/mgseng.it\/es\/#website","url":"https:\/\/mgseng.it\/es\/","name":"MGS - Motor Generator Service Engineering","description":"MGS Engineering, leader nella revisione, riparazione e vendita di motori elettrici per diversi settori industriali","publisher":{"@id":"https:\/\/mgseng.it\/es\/#organization"},"potentialAction":[{"@type":"SearchAction","target":{"@type":"EntryPoint","urlTemplate":"https:\/\/mgseng.it\/es\/?s={search_term_string}"},"query-input":{"@type":"PropertyValueSpecification","valueRequired":true,"valueName":"search_term_string"}}],"inLanguage":"es"},{"@type":"Organization","@id":"https:\/\/mgseng.it\/es\/#organization","name":"Vendita, riparazione e revisione motori elettrici industriali","url":"https:\/\/mgseng.it\/es\/","logo":{"@type":"ImageObject","inLanguage":"es","@id":"https:\/\/mgseng.it\/es\/#\/schema\/logo\/image\/","url":"https:\/\/mgseng.it\/wp-content\/uploads\/2024\/06\/MGS-logo.png","contentUrl":"https:\/\/mgseng.it\/wp-content\/uploads\/2024\/06\/MGS-logo.png","width":479,"height":479,"caption":"Vendita, riparazione e revisione motori elettrici industriali"},"image":{"@id":"https:\/\/mgseng.it\/es\/#\/schema\/logo\/image\/"}}]}},"_links":{"self":[{"href":"https:\/\/mgseng.it\/es\/wp-json\/wp\/v2\/pages\/1261","targetHints":{"allow":["GET"]}}],"collection":[{"href":"https:\/\/mgseng.it\/es\/wp-json\/wp\/v2\/pages"}],"about":[{"href":"https:\/\/mgseng.it\/es\/wp-json\/wp\/v2\/types\/page"}],"author":[{"embeddable":true,"href":"https:\/\/mgseng.it\/es\/wp-json\/wp\/v2\/users\/1"}],"replies":[{"embeddable":true,"href":"https:\/\/mgseng.it\/es\/wp-json\/wp\/v2\/comments?post=1261"}],"version-history":[{"count":0,"href":"https:\/\/mgseng.it\/es\/wp-json\/wp\/v2\/pages\/1261\/revisions"}],"wp:attachment":[{"href":"https:\/\/mgseng.it\/es\/wp-json\/wp\/v2\/media?parent=1261"}],"curies":[{"name":"wp","href":"https:\/\/api.w.org\/{rel}","templated":true}]}}