{"id":1259,"date":"2024-07-23T08:38:48","date_gmt":"2024-07-23T08:38:48","guid":{"rendered":"https:\/\/mgseng.it\/servicio\/"},"modified":"2025-09-18T16:30:05","modified_gmt":"2025-09-18T16:30:05","slug":"servicio","status":"publish","type":"page","link":"https:\/\/mgseng.it\/es\/servicio\/","title":{"rendered":"Servicio"},"content":{"rendered":"\t\t<div data-elementor-type=\"wp-page\" data-elementor-id=\"1259\" class=\"elementor elementor-1259 elementor-660\">\n\t\t\t\t\t\t<section class=\"elementor-section elementor-top-section elementor-element elementor-element-735f9daf elementor-section-boxed elementor-section-height-default elementor-section-height-default\" data-id=\"735f9daf\" data-element_type=\"section\" data-e-type=\"section\" data-settings=\"{&quot;background_background&quot;:&quot;classic&quot;}\">\n\t\t\t\t\t\t\t<div class=\"elementor-background-overlay\"><\/div>\n\t\t\t\t\t\t\t<div class=\"elementor-container elementor-column-gap-default\">\n\t\t\t\t\t<div class=\"elementor-column elementor-col-100 elementor-top-column elementor-element elementor-element-46eeaef7\" data-id=\"46eeaef7\" data-element_type=\"column\" data-e-type=\"column\">\n\t\t\t<div class=\"elementor-widget-wrap elementor-element-populated\">\n\t\t\t\t\t\t<div class=\"elementor-element elementor-element-171ffe4f elementor-widget__width-auto elementor-invisible elementor-widget elementor-widget-heading\" data-id=\"171ffe4f\" data-element_type=\"widget\" data-e-type=\"widget\" data-settings=\"{&quot;_animation&quot;:&quot;fadeInLeft&quot;}\" data-widget_type=\"heading.default\">\n\t\t\t\t<div class=\"elementor-widget-container\">\n\t\t\t\t\t<h1 class=\"elementor-heading-title elementor-size-default\">Servicio<\/h1>\t\t\t\t<\/div>\n\t\t\t\t<\/div>\n\t\t\t\t<section class=\"elementor-section elementor-inner-section elementor-element elementor-element-7a2687fe elementor-section-boxed elementor-section-height-default elementor-section-height-default\" data-id=\"7a2687fe\" data-element_type=\"section\" data-e-type=\"section\">\n\t\t\t\t\t\t<div class=\"elementor-container elementor-column-gap-no\">\n\t\t\t\t\t<div class=\"elementor-column elementor-col-100 elementor-inner-column elementor-element elementor-element-1ceb6e95 elementor-invisible\" data-id=\"1ceb6e95\" data-element_type=\"column\" data-e-type=\"column\" data-settings=\"{&quot;animation&quot;:&quot;fadeInDown&quot;}\">\n\t\t\t<div class=\"elementor-widget-wrap elementor-element-populated\">\n\t\t\t\t\t\t<div class=\"elementor-element elementor-element-59857545 elementor-invisible elementor-widget elementor-widget-text-editor\" data-id=\"59857545\" data-element_type=\"widget\" data-e-type=\"widget\" data-settings=\"{&quot;_animation&quot;:&quot;fadeIn&quot;,&quot;_animation_delay&quot;:1080}\" data-widget_type=\"text-editor.default\">\n\t\t\t\t<div class=\"elementor-widget-container\">\n\t\t\t\t\t\t\t\t\t<p>La importancia de tener un socio preparado y presente, que te siga con el tiempo<\/p>\n\t\t\t\t\t\t\t\t<\/div>\n\t\t\t\t<\/div>\n\t\t\t\t\t<\/div>\n\t\t<\/div>\n\t\t\t\t\t<\/div>\n\t\t<\/section>\n\t\t\t\t\t<\/div>\n\t\t<\/div>\n\t\t\t\t\t<\/div>\n\t\t<\/section>\n\t\t\t\t<section class=\"elementor-section elementor-top-section elementor-element elementor-element-554c3477 elementor-reverse-tablet elementor-reverse-mobile elementor-section-boxed elementor-section-height-default elementor-section-height-default\" data-id=\"554c3477\" data-element_type=\"section\" data-e-type=\"section\">\n\t\t\t\t\t\t<div class=\"elementor-container elementor-column-gap-default\">\n\t\t\t\t\t<div class=\"elementor-column elementor-col-50 elementor-top-column elementor-element elementor-element-8430a02\" data-id=\"8430a02\" data-element_type=\"column\" data-e-type=\"column\">\n\t\t\t<div class=\"elementor-widget-wrap elementor-element-populated\">\n\t\t\t\t\t\t<div class=\"elementor-element elementor-element-6a4e3c08 elementor-widget__width-initial elementor-absolute elementor-invisible elementor-widget elementor-widget-image\" data-id=\"6a4e3c08\" data-element_type=\"widget\" data-e-type=\"widget\" data-settings=\"{&quot;_position&quot;:&quot;absolute&quot;,&quot;_animation&quot;:&quot;fadeInUp&quot;}\" data-widget_type=\"image.default\">\n\t\t\t\t<div class=\"elementor-widget-container\">\n\t\t\t\t\t\t\t\t\t\t\t\t\t\t\t<img fetchpriority=\"high\" decoding=\"async\" width=\"1600\" height=\"1201\" src=\"https:\/\/mgseng.it\/wp-content\/uploads\/2024\/11\/service-MGS.jpg\" class=\"attachment-full size-full wp-image-1191\" alt=\"\" srcset=\"https:\/\/mgseng.it\/wp-content\/uploads\/2024\/11\/service-MGS.jpg 1600w, https:\/\/mgseng.it\/wp-content\/uploads\/2024\/11\/service-MGS-300x225.jpg 300w, https:\/\/mgseng.it\/wp-content\/uploads\/2024\/11\/service-MGS-1024x769.jpg 1024w, https:\/\/mgseng.it\/wp-content\/uploads\/2024\/11\/service-MGS-768x576.jpg 768w, https:\/\/mgseng.it\/wp-content\/uploads\/2024\/11\/service-MGS-1536x1153.jpg 1536w\" sizes=\"(max-width: 1600px) 100vw, 1600px\" \/>\t\t\t\t\t\t\t\t\t\t\t\t\t\t\t<\/div>\n\t\t\t\t<\/div>\n\t\t\t\t<div class=\"elementor-element elementor-element-38732ec7 elementor-invisible elementor-widget elementor-widget-image\" data-id=\"38732ec7\" data-element_type=\"widget\" data-e-type=\"widget\" data-settings=\"{&quot;_animation&quot;:&quot;fadeInLeft&quot;}\" data-widget_type=\"image.default\">\n\t\t\t\t<div class=\"elementor-widget-container\">\n\t\t\t\t\t\t\t\t\t\t\t\t\t\t\t<img decoding=\"async\" width=\"1600\" height=\"1200\" src=\"https:\/\/mgseng.it\/wp-content\/uploads\/2024\/11\/service-MGS1.jpg\" class=\"attachment-full size-full wp-image-1189\" alt=\"\" srcset=\"https:\/\/mgseng.it\/wp-content\/uploads\/2024\/11\/service-MGS1.jpg 1600w, https:\/\/mgseng.it\/wp-content\/uploads\/2024\/11\/service-MGS1-300x225.jpg 300w, https:\/\/mgseng.it\/wp-content\/uploads\/2024\/11\/service-MGS1-1024x768.jpg 1024w, https:\/\/mgseng.it\/wp-content\/uploads\/2024\/11\/service-MGS1-768x576.jpg 768w, https:\/\/mgseng.it\/wp-content\/uploads\/2024\/11\/service-MGS1-1536x1152.jpg 1536w\" sizes=\"(max-width: 1600px) 100vw, 1600px\" \/>\t\t\t\t\t\t\t\t\t\t\t\t\t\t\t<\/div>\n\t\t\t\t<\/div>\n\t\t\t\t\t<\/div>\n\t\t<\/div>\n\t\t\t\t<div class=\"elementor-column elementor-col-50 elementor-top-column elementor-element elementor-element-572a4da0\" data-id=\"572a4da0\" data-element_type=\"column\" data-e-type=\"column\">\n\t\t\t<div class=\"elementor-widget-wrap elementor-element-populated\">\n\t\t\t\t\t\t<div class=\"elementor-element elementor-element-a5359af elementor-invisible elementor-widget elementor-widget-heading\" data-id=\"a5359af\" data-element_type=\"widget\" data-e-type=\"widget\" data-settings=\"{&quot;_animation&quot;:&quot;fadeInUp&quot;}\" data-widget_type=\"heading.default\">\n\t\t\t\t<div class=\"elementor-widget-container\">\n\t\t\t\t\t<h2 class=\"elementor-heading-title elementor-size-default\">Servicio:<\/h2>\t\t\t\t<\/div>\n\t\t\t\t<\/div>\n\t\t\t\t<div class=\"elementor-element elementor-element-fea6232 elementor-widget elementor-widget-text-editor\" data-id=\"fea6232\" data-element_type=\"widget\" data-e-type=\"widget\" data-widget_type=\"text-editor.default\">\n\t\t\t\t<div class=\"elementor-widget-container\">\n\t\t\t\t\t\t\t\t\t<p class=\"p1\">Utilizando nuestra experiencia y vali\u00e9ndonos de herramientas de \u00faltima generaci\u00f3n, podemos identificar r\u00e1pidamente la aver\u00eda e intervenir oportunamente. Adem\u00e1s, tambi\u00e9n estamos al lado del cliente durante la fase de reinicio de la instalaci\u00f3n en aras de evitar mayores p\u00e9rdidas de producci\u00f3n.<span class=\"Apple-converted-space\"> <\/span><\/p>\n<p class=\"p1\">Nuestras intervenciones est\u00e1n respaldadas por fotograf\u00edas que muestran y explican el m\u00e9todo de investigaci\u00f3n y que notifican los resultados de todas las mediciones. De esta manera, el cliente puede beneficiarse de cada intervenci\u00f3n t\u00e9cnica y crear un archivo personal desde el cual identificar cualquier criticidad en su instalaci\u00f3n, frecuencias de aver\u00edas en los componentes de la misma, y secuencias temporales de intervenci\u00f3n para el mantenimiento peri\u00f3dico.<\/p>\n\t\t\t\t\t\t\t\t<\/div>\n\t\t\t\t<\/div>\n\t\t\t\t\t<\/div>\n\t\t<\/div>\n\t\t\t\t\t<\/div>\n\t\t<\/section>\n\t\t\t\t<\/div>\n\t\t","protected":false},"excerpt":{"rendered":"<p>Servicio La importancia de tener un socio preparado y presente, que te siga con el tiempo Servicio: Utilizando nuestra experiencia y vali\u00e9ndonos de herramientas de \u00faltima generaci\u00f3n, podemos identificar r\u00e1pidamente la aver\u00eda e intervenir oportunamente. Adem\u00e1s, tambi\u00e9n estamos al lado del cliente durante la fase de reinicio de la instalaci\u00f3n en aras de evitar mayores [&hellip;]<\/p>\n","protected":false},"author":1,"featured_media":0,"parent":0,"menu_order":0,"comment_status":"closed","ping_status":"closed","template":"elementor_header_footer","meta":{"footnotes":""},"class_list":["post-1259","page","type-page","status-publish","hentry"],"yoast_head":"<!-- This site is optimized with the Yoast SEO plugin v27.6 - https:\/\/yoast.com\/product\/yoast-seo-wordpress\/ -->\n<title>Servicio industrial - Diagn\u00f3stico y localizaci\u00f3n de aver\u00edas<\/title>\n<meta name=\"description\" content=\"Asistencia t\u00e9cnica y mantenimiento de motores el\u00e9ctricos y plantas industriales. Resuelve los problemas r\u00e1pidamente con nuestros expertos\" \/>\n<meta name=\"robots\" content=\"index, follow, max-snippet:-1, max-image-preview:large, max-video-preview:-1\" \/>\n<link rel=\"canonical\" href=\"https:\/\/mgseng.it\/es\/servicio\/\" \/>\n<meta property=\"og:locale\" content=\"es_ES\" \/>\n<meta property=\"og:type\" content=\"article\" \/>\n<meta property=\"og:title\" content=\"Servicio industrial - Diagn\u00f3stico y localizaci\u00f3n de aver\u00edas\" \/>\n<meta property=\"og:description\" content=\"Asistencia t\u00e9cnica y mantenimiento de motores el\u00e9ctricos y plantas industriales. Resuelve los problemas r\u00e1pidamente con nuestros expertos\" \/>\n<meta property=\"og:url\" content=\"https:\/\/mgseng.it\/es\/servicio\/\" \/>\n<meta property=\"og:site_name\" content=\"MGS Engineering - Revisione e Vendita Motori Elettrici Industriali\" \/>\n<meta property=\"article:modified_time\" content=\"2025-09-18T16:30:05+00:00\" \/>\n<meta property=\"og:image\" content=\"https:\/\/mgseng.it\/wp-content\/uploads\/2024\/11\/service-MGS.jpg\" \/>\n\t<meta property=\"og:image:width\" content=\"1600\" \/>\n\t<meta property=\"og:image:height\" content=\"1201\" \/>\n\t<meta property=\"og:image:type\" content=\"image\/jpeg\" \/>\n<meta name=\"twitter:card\" content=\"summary_large_image\" \/>\n<meta name=\"twitter:label1\" content=\"Tiempo de lectura\" \/>\n\t<meta name=\"twitter:data1\" content=\"1 minuto\" \/>\n<script type=\"application\/ld+json\" class=\"yoast-schema-graph\">{\"@context\":\"https:\\\/\\\/schema.org\",\"@graph\":[{\"@type\":\"WebPage\",\"@id\":\"https:\\\/\\\/mgseng.it\\\/es\\\/servicio\\\/\",\"url\":\"https:\\\/\\\/mgseng.it\\\/es\\\/servicio\\\/\",\"name\":\"Servicio industrial - Diagn\u00f3stico y localizaci\u00f3n de aver\u00edas\",\"isPartOf\":{\"@id\":\"https:\\\/\\\/mgseng.it\\\/es\\\/#website\"},\"primaryImageOfPage\":{\"@id\":\"https:\\\/\\\/mgseng.it\\\/es\\\/servicio\\\/#primaryimage\"},\"image\":{\"@id\":\"https:\\\/\\\/mgseng.it\\\/es\\\/servicio\\\/#primaryimage\"},\"thumbnailUrl\":\"https:\\\/\\\/mgseng.it\\\/wp-content\\\/uploads\\\/2024\\\/11\\\/service-MGS.jpg\",\"datePublished\":\"2024-07-23T08:38:48+00:00\",\"dateModified\":\"2025-09-18T16:30:05+00:00\",\"description\":\"Asistencia t\u00e9cnica y mantenimiento de motores el\u00e9ctricos y plantas industriales. Resuelve los problemas r\u00e1pidamente con nuestros expertos\",\"breadcrumb\":{\"@id\":\"https:\\\/\\\/mgseng.it\\\/es\\\/servicio\\\/#breadcrumb\"},\"inLanguage\":\"es\",\"potentialAction\":[{\"@type\":\"ReadAction\",\"target\":[\"https:\\\/\\\/mgseng.it\\\/es\\\/servicio\\\/\"]}]},{\"@type\":\"ImageObject\",\"inLanguage\":\"es\",\"@id\":\"https:\\\/\\\/mgseng.it\\\/es\\\/servicio\\\/#primaryimage\",\"url\":\"https:\\\/\\\/mgseng.it\\\/wp-content\\\/uploads\\\/2024\\\/11\\\/service-MGS.jpg\",\"contentUrl\":\"https:\\\/\\\/mgseng.it\\\/wp-content\\\/uploads\\\/2024\\\/11\\\/service-MGS.jpg\"},{\"@type\":\"BreadcrumbList\",\"@id\":\"https:\\\/\\\/mgseng.it\\\/es\\\/servicio\\\/#breadcrumb\",\"itemListElement\":[{\"@type\":\"ListItem\",\"position\":1,\"name\":\"Home\",\"item\":\"https:\\\/\\\/mgseng.it\\\/es\\\/\"},{\"@type\":\"ListItem\",\"position\":2,\"name\":\"Servicio\"}]},{\"@type\":\"WebSite\",\"@id\":\"https:\\\/\\\/mgseng.it\\\/es\\\/#website\",\"url\":\"https:\\\/\\\/mgseng.it\\\/es\\\/\",\"name\":\"MGS - Motor Generator Service Engineering\",\"description\":\"MGS Engineering, leader nella revisione, riparazione e vendita di motori elettrici per diversi settori industriali\",\"publisher\":{\"@id\":\"https:\\\/\\\/mgseng.it\\\/es\\\/#organization\"},\"potentialAction\":[{\"@type\":\"SearchAction\",\"target\":{\"@type\":\"EntryPoint\",\"urlTemplate\":\"https:\\\/\\\/mgseng.it\\\/es\\\/?s={search_term_string}\"},\"query-input\":{\"@type\":\"PropertyValueSpecification\",\"valueRequired\":true,\"valueName\":\"search_term_string\"}}],\"inLanguage\":\"es\"},{\"@type\":\"Organization\",\"@id\":\"https:\\\/\\\/mgseng.it\\\/es\\\/#organization\",\"name\":\"Vendita, riparazione e revisione motori elettrici industriali\",\"url\":\"https:\\\/\\\/mgseng.it\\\/es\\\/\",\"logo\":{\"@type\":\"ImageObject\",\"inLanguage\":\"es\",\"@id\":\"https:\\\/\\\/mgseng.it\\\/es\\\/#\\\/schema\\\/logo\\\/image\\\/\",\"url\":\"https:\\\/\\\/mgseng.it\\\/wp-content\\\/uploads\\\/2024\\\/06\\\/MGS-logo.png\",\"contentUrl\":\"https:\\\/\\\/mgseng.it\\\/wp-content\\\/uploads\\\/2024\\\/06\\\/MGS-logo.png\",\"width\":479,\"height\":479,\"caption\":\"Vendita, riparazione e revisione motori elettrici industriali\"},\"image\":{\"@id\":\"https:\\\/\\\/mgseng.it\\\/es\\\/#\\\/schema\\\/logo\\\/image\\\/\"}}]}<\/script>\n<!-- \/ Yoast SEO plugin. -->","yoast_head_json":{"title":"Servicio industrial - Diagn\u00f3stico y localizaci\u00f3n de aver\u00edas","description":"Asistencia t\u00e9cnica y mantenimiento de motores el\u00e9ctricos y plantas industriales. Resuelve los problemas r\u00e1pidamente con nuestros expertos","robots":{"index":"index","follow":"follow","max-snippet":"max-snippet:-1","max-image-preview":"max-image-preview:large","max-video-preview":"max-video-preview:-1"},"canonical":"https:\/\/mgseng.it\/es\/servicio\/","og_locale":"es_ES","og_type":"article","og_title":"Servicio industrial - Diagn\u00f3stico y localizaci\u00f3n de aver\u00edas","og_description":"Asistencia t\u00e9cnica y mantenimiento de motores el\u00e9ctricos y plantas industriales. Resuelve los problemas r\u00e1pidamente con nuestros expertos","og_url":"https:\/\/mgseng.it\/es\/servicio\/","og_site_name":"MGS Engineering - Revisione e Vendita Motori Elettrici Industriali","article_modified_time":"2025-09-18T16:30:05+00:00","og_image":[{"width":1600,"height":1201,"url":"https:\/\/mgseng.it\/wp-content\/uploads\/2024\/11\/service-MGS.jpg","type":"image\/jpeg"}],"twitter_card":"summary_large_image","twitter_misc":{"Tiempo de lectura":"1 minuto"},"schema":{"@context":"https:\/\/schema.org","@graph":[{"@type":"WebPage","@id":"https:\/\/mgseng.it\/es\/servicio\/","url":"https:\/\/mgseng.it\/es\/servicio\/","name":"Servicio industrial - Diagn\u00f3stico y localizaci\u00f3n de aver\u00edas","isPartOf":{"@id":"https:\/\/mgseng.it\/es\/#website"},"primaryImageOfPage":{"@id":"https:\/\/mgseng.it\/es\/servicio\/#primaryimage"},"image":{"@id":"https:\/\/mgseng.it\/es\/servicio\/#primaryimage"},"thumbnailUrl":"https:\/\/mgseng.it\/wp-content\/uploads\/2024\/11\/service-MGS.jpg","datePublished":"2024-07-23T08:38:48+00:00","dateModified":"2025-09-18T16:30:05+00:00","description":"Asistencia t\u00e9cnica y mantenimiento de motores el\u00e9ctricos y plantas industriales. Resuelve los problemas r\u00e1pidamente con nuestros expertos","breadcrumb":{"@id":"https:\/\/mgseng.it\/es\/servicio\/#breadcrumb"},"inLanguage":"es","potentialAction":[{"@type":"ReadAction","target":["https:\/\/mgseng.it\/es\/servicio\/"]}]},{"@type":"ImageObject","inLanguage":"es","@id":"https:\/\/mgseng.it\/es\/servicio\/#primaryimage","url":"https:\/\/mgseng.it\/wp-content\/uploads\/2024\/11\/service-MGS.jpg","contentUrl":"https:\/\/mgseng.it\/wp-content\/uploads\/2024\/11\/service-MGS.jpg"},{"@type":"BreadcrumbList","@id":"https:\/\/mgseng.it\/es\/servicio\/#breadcrumb","itemListElement":[{"@type":"ListItem","position":1,"name":"Home","item":"https:\/\/mgseng.it\/es\/"},{"@type":"ListItem","position":2,"name":"Servicio"}]},{"@type":"WebSite","@id":"https:\/\/mgseng.it\/es\/#website","url":"https:\/\/mgseng.it\/es\/","name":"MGS - Motor Generator Service Engineering","description":"MGS Engineering, leader nella revisione, riparazione e vendita di motori elettrici per diversi settori industriali","publisher":{"@id":"https:\/\/mgseng.it\/es\/#organization"},"potentialAction":[{"@type":"SearchAction","target":{"@type":"EntryPoint","urlTemplate":"https:\/\/mgseng.it\/es\/?s={search_term_string}"},"query-input":{"@type":"PropertyValueSpecification","valueRequired":true,"valueName":"search_term_string"}}],"inLanguage":"es"},{"@type":"Organization","@id":"https:\/\/mgseng.it\/es\/#organization","name":"Vendita, riparazione e revisione motori elettrici industriali","url":"https:\/\/mgseng.it\/es\/","logo":{"@type":"ImageObject","inLanguage":"es","@id":"https:\/\/mgseng.it\/es\/#\/schema\/logo\/image\/","url":"https:\/\/mgseng.it\/wp-content\/uploads\/2024\/06\/MGS-logo.png","contentUrl":"https:\/\/mgseng.it\/wp-content\/uploads\/2024\/06\/MGS-logo.png","width":479,"height":479,"caption":"Vendita, riparazione e revisione motori elettrici industriali"},"image":{"@id":"https:\/\/mgseng.it\/es\/#\/schema\/logo\/image\/"}}]}},"_links":{"self":[{"href":"https:\/\/mgseng.it\/es\/wp-json\/wp\/v2\/pages\/1259","targetHints":{"allow":["GET"]}}],"collection":[{"href":"https:\/\/mgseng.it\/es\/wp-json\/wp\/v2\/pages"}],"about":[{"href":"https:\/\/mgseng.it\/es\/wp-json\/wp\/v2\/types\/page"}],"author":[{"embeddable":true,"href":"https:\/\/mgseng.it\/es\/wp-json\/wp\/v2\/users\/1"}],"replies":[{"embeddable":true,"href":"https:\/\/mgseng.it\/es\/wp-json\/wp\/v2\/comments?post=1259"}],"version-history":[{"count":0,"href":"https:\/\/mgseng.it\/es\/wp-json\/wp\/v2\/pages\/1259\/revisions"}],"wp:attachment":[{"href":"https:\/\/mgseng.it\/es\/wp-json\/wp\/v2\/media?parent=1259"}],"curies":[{"name":"wp","href":"https:\/\/api.w.org\/{rel}","templated":true}]}}